{"id":823,"date":"2012-05-16T07:35:04","date_gmt":"2012-05-16T07:35:04","guid":{"rendered":"http:\/\/residenciasanjose.com\/?page_id=823"},"modified":"2013-06-14T13:45:20","modified_gmt":"2013-06-14T13:45:20","slug":"habitaciones","status":"publish","type":"page","link":"https:\/\/residenciasanjose.com\/wordpress\/habitaciones\/","title":{"rendered":"Habitaciones"},"content":{"rendered":"<p><!-- Piwik --><br \/>\n<script type=\"text\/javascript\">\/\/ <![CDATA[\nvar pkBaseURL = ((\"https:\" == document.location.protocol) ? \"https:\/\/www.residenciasanjose.com\/piwik\/\" : \"http:\/\/residenciasanjose.com\/piwik\/\"); document.write(unescape(\"%3Cscript src='\" + pkBaseURL + \"piwik.js' type='text\/javascript'%3E%3C\/script%3E\"));\n\/\/ ]]><\/script><script type=\"text\/javascript\">\/\/ <![CDATA[\ntry { var piwikTracker = Piwik.getTracker(pkBaseURL + \"piwik.php\", 1); piwikTracker.trackPageView(); piwikTracker.enableLinkTracking(); } catch( err ) {}\n\/\/ ]]><\/script><\/p>\n<p><noscript>&amp;lt;p&amp;gt;&amp;lt;img src=\u00bbhttp:\/\/residenciasanjose.com\/piwik\/piwik.php?idsite=1&#8243; style=\u00bbborder:0&#8243; alt=\u00bb\u00bb \/&amp;gt;&amp;lt;\/p&amp;gt; &amp;lt;p&amp;gt;<\/noscript><!-- End Piwik Tracking Tag --><\/p>\n<h3 style=\"text-align: justify;\">Disponemos de 5 tipos de Habitaciones.<\/h3>\n<p style=\"text-align: justify;\">A continuaci\u00f3n pasamos a describir con detalle cada tipo de habitaci\u00f3n:<\/p>\n","protected":false},"excerpt":{"rendered":"<p>&amp;lt;p&amp;gt;&amp;lt;img src=\u00bbhttp:\/\/residenciasanjose.com\/piwik\/piwik.php?idsite=1&#8243; style=\u00bbborder:0&#8243; alt=\u00bb\u00bb \/&amp;gt;&amp;lt;\/p&amp;gt; &amp;lt;p&amp;gt; Disponemos de 5 tipos de Habitaciones. A continuaci\u00f3n pasamos a describir con detalle cada [&hellip;]<\/p>\n","protected":false},"author":2,"featured_media":0,"parent":0,"menu_order":0,"comment_status":"closed","ping_status":"closed","template":"template-portfolio.php","meta":{"footnotes":""},"class_list":["post-823","page","type-page","status-publish","hentry"],"yoast_head":"<!-- This site is optimized with the Yoast SEO plugin v27.2 - https:\/\/yoast.com\/product\/yoast-seo-wordpress\/ -->\n<title>Residencia Universitaria SAN JOSE - Habitaciones<\/title>\n<meta name=\"description\" content=\"Mixta. La m\u00e1s grande del Campus. No es Religiosa. Comidas incluidas. La m\u00e1s econ\u00f3mica.\" \/>\n<meta name=\"robots\" content=\"index, follow, max-snippet:-1, max-image-preview:large, max-video-preview:-1\" \/>\n<link rel=\"canonical\" href=\"https:\/\/residenciasanjose.com\/wordpress\/habitaciones\/\" \/>\n<script type=\"application\/ld+json\" class=\"yoast-schema-graph\">{\"@context\":\"https:\/\/schema.org\",\"@graph\":[{\"@type\":\"WebPage\",\"@id\":\"https:\/\/residenciasanjose.com\/wordpress\/habitaciones\/\",\"url\":\"https:\/\/residenciasanjose.com\/wordpress\/habitaciones\/\",\"name\":\"Residencia Universitaria SAN JOSE - Habitaciones\",\"isPartOf\":{\"@id\":\"https:\/\/residenciasanjose.com\/wordpress\/#website\"},\"datePublished\":\"2012-05-16T07:35:04+00:00\",\"dateModified\":\"2013-06-14T13:45:20+00:00\",\"description\":\"Mixta. La m\u00e1s grande del Campus. No es Religiosa. Comidas incluidas. La m\u00e1s econ\u00f3mica.\",\"breadcrumb\":{\"@id\":\"https:\/\/residenciasanjose.com\/wordpress\/habitaciones\/#breadcrumb\"},\"inLanguage\":\"es\",\"potentialAction\":[{\"@type\":\"ReadAction\",\"target\":[\"https:\/\/residenciasanjose.com\/wordpress\/habitaciones\/\"]}]},{\"@type\":\"BreadcrumbList\",\"@id\":\"https:\/\/residenciasanjose.com\/wordpress\/habitaciones\/#breadcrumb\",\"itemListElement\":[{\"@type\":\"ListItem\",\"position\":1,\"name\":\"Portada\",\"item\":\"https:\/\/residenciasanjose.com\/wordpress\/\"},{\"@type\":\"ListItem\",\"position\":2,\"name\":\"Habitaciones\"}]},{\"@type\":\"WebSite\",\"@id\":\"https:\/\/residenciasanjose.com\/wordpress\/#website\",\"url\":\"https:\/\/residenciasanjose.com\/wordpress\/\",\"name\":\"Residencia Univ. San Jos\u00e9 Univ. Egoitza\",\"description\":\"Residencia Universitaria en la ciudad de Vitoria. Residencia de estudiantes.\",\"potentialAction\":[{\"@type\":\"SearchAction\",\"target\":{\"@type\":\"EntryPoint\",\"urlTemplate\":\"https:\/\/residenciasanjose.com\/wordpress\/?s={search_term_string}\"},\"query-input\":{\"@type\":\"PropertyValueSpecification\",\"valueRequired\":true,\"valueName\":\"search_term_string\"}}],\"inLanguage\":\"es\"}]}<\/script>\n<!-- \/ Yoast SEO plugin. -->","yoast_head_json":{"title":"Residencia Universitaria SAN JOSE - Habitaciones","description":"Mixta. La m\u00e1s grande del Campus. No es Religiosa. Comidas incluidas. La m\u00e1s econ\u00f3mica.","robots":{"index":"index","follow":"follow","max-snippet":"max-snippet:-1","max-image-preview":"max-image-preview:large","max-video-preview":"max-video-preview:-1"},"canonical":"https:\/\/residenciasanjose.com\/wordpress\/habitaciones\/","schema":{"@context":"https:\/\/schema.org","@graph":[{"@type":"WebPage","@id":"https:\/\/residenciasanjose.com\/wordpress\/habitaciones\/","url":"https:\/\/residenciasanjose.com\/wordpress\/habitaciones\/","name":"Residencia Universitaria SAN JOSE - Habitaciones","isPartOf":{"@id":"https:\/\/residenciasanjose.com\/wordpress\/#website"},"datePublished":"2012-05-16T07:35:04+00:00","dateModified":"2013-06-14T13:45:20+00:00","description":"Mixta. La m\u00e1s grande del Campus. No es Religiosa. Comidas incluidas. La m\u00e1s econ\u00f3mica.","breadcrumb":{"@id":"https:\/\/residenciasanjose.com\/wordpress\/habitaciones\/#breadcrumb"},"inLanguage":"es","potentialAction":[{"@type":"ReadAction","target":["https:\/\/residenciasanjose.com\/wordpress\/habitaciones\/"]}]},{"@type":"BreadcrumbList","@id":"https:\/\/residenciasanjose.com\/wordpress\/habitaciones\/#breadcrumb","itemListElement":[{"@type":"ListItem","position":1,"name":"Portada","item":"https:\/\/residenciasanjose.com\/wordpress\/"},{"@type":"ListItem","position":2,"name":"Habitaciones"}]},{"@type":"WebSite","@id":"https:\/\/residenciasanjose.com\/wordpress\/#website","url":"https:\/\/residenciasanjose.com\/wordpress\/","name":"Residencia Univ. San Jos\u00e9 Univ. Egoitza","description":"Residencia Universitaria en la ciudad de Vitoria. Residencia de estudiantes.","potentialAction":[{"@type":"SearchAction","target":{"@type":"EntryPoint","urlTemplate":"https:\/\/residenciasanjose.com\/wordpress\/?s={search_term_string}"},"query-input":{"@type":"PropertyValueSpecification","valueRequired":true,"valueName":"search_term_string"}}],"inLanguage":"es"}]}},"_links":{"self":[{"href":"https:\/\/residenciasanjose.com\/wordpress\/wp-json\/wp\/v2\/pages\/823","targetHints":{"allow":["GET"]}}],"collection":[{"href":"https:\/\/residenciasanjose.com\/wordpress\/wp-json\/wp\/v2\/pages"}],"about":[{"href":"https:\/\/residenciasanjose.com\/wordpress\/wp-json\/wp\/v2\/types\/page"}],"author":[{"embeddable":true,"href":"https:\/\/residenciasanjose.com\/wordpress\/wp-json\/wp\/v2\/users\/2"}],"replies":[{"embeddable":true,"href":"https:\/\/residenciasanjose.com\/wordpress\/wp-json\/wp\/v2\/comments?post=823"}],"version-history":[{"count":23,"href":"https:\/\/residenciasanjose.com\/wordpress\/wp-json\/wp\/v2\/pages\/823\/revisions"}],"predecessor-version":[{"id":1070,"href":"https:\/\/residenciasanjose.com\/wordpress\/wp-json\/wp\/v2\/pages\/823\/revisions\/1070"}],"wp:attachment":[{"href":"https:\/\/residenciasanjose.com\/wordpress\/wp-json\/wp\/v2\/media?parent=823"}],"curies":[{"name":"wp","href":"https:\/\/api.w.org\/{rel}","templated":true}]}}