{"id":3965,"date":"2015-04-28T10:50:53","date_gmt":"2015-04-28T10:50:53","guid":{"rendered":"http:\/\/residenciasanjose.com\/wordpress\/?page_id=3965"},"modified":"2015-05-28T14:03:11","modified_gmt":"2015-05-28T14:03:11","slug":"servicio-de-limpieza","status":"publish","type":"page","link":"https:\/\/residenciasanjose.com\/wordpress\/servicio-de-limpieza\/","title":{"rendered":"Servicio de Limpieza"},"content":{"rendered":"<div class=\"wpb-content-wrapper\">[vc_row][vc_column width=\u00bb1\/1&#8243;][vc_column_text]\n<h1 style=\"text-align: center;\"><span style=\"color: #0000ff;\">SERVICIO DE LIMPIEZA<\/span><\/h1>\n[\/vc_column_text][\/vc_column][\/vc_row][vc_row][vc_column width=\u00bb1\/1&#8243;][vc_column_text css_animation=\u00bbappear\u00bb]Tenemos un servicio de limpieza para todas las zonas comunes de la residencia.<\/p>\n<p><img decoding=\"async\" class=\"alignleft\" title=\"LIMPIEZA\" src=\"http:\/\/residenciasanjose.com\/wordpress\/wp-content\/uploads\/2011\/10\/limpieza-e1337009673319-225x300.jpg\" alt=\"\" \/>Dentro de cada habitaci\u00f3n la limpieza les corresponde a los residentes. Cuando los estudiantes\u00a0se incorporan a la residencia, la habitaci\u00f3n debe estar l\u00f3gicamente limpia. Y cuando dejan la habitaci\u00f3n al finalizar el curso, las habitaciones deben quedar tambi\u00e9n limpias.<\/p>\n<p>Para aquellos residentes\u00a0que recogan la habitaci\u00f3n y no la limpien, tenemos personal que limpiar\u00e1 la habitaci\u00f3n. Al residente se le cobrar\u00e1 este servicio seg\u00fan las tarifas que figuran en el documento de matr\u00edcula.<\/p>\n<p>Tambi\u00e9n se nos puede solicitar servicios de limpiezas generales de una habitaci\u00f3n. Si contactan con nuestras oficinas les informaremos de las condiciones.[\/vc_column_text][\/vc_column][\/vc_row]\n<\/div>","protected":false},"excerpt":{"rendered":"<p>[vc_row][vc_column width=\u00bb1\/1&#8243;][vc_column_text] SERVICIO DE LIMPIEZA [\/vc_column_text][\/vc_column][\/vc_row][vc_row][vc_column width=\u00bb1\/1&#8243;][vc_column_text css_animation=\u00bbappear\u00bb]Tenemos un servicio de limpieza para todas las zonas comunes de la residencia. [&hellip;]<\/p>\n","protected":false},"author":2,"featured_media":0,"parent":0,"menu_order":0,"comment_status":"closed","ping_status":"open","template":"","meta":{"footnotes":""},"class_list":["post-3965","page","type-page","status-publish","hentry"],"yoast_head":"<!-- This site is optimized with the Yoast SEO plugin v27.5 - https:\/\/yoast.com\/product\/yoast-seo-wordpress\/ -->\n<title>Residencia Universitaria SAN JOSE Unibertsitate Egoitza<\/title>\n<meta name=\"description\" content=\"Mixta. La m\u00e1s grande del Campus. No es Religiosa. Comidas incluidas. La m\u00e1s econ\u00f3mica.\" \/>\n<meta name=\"robots\" content=\"index, follow, max-snippet:-1, max-image-preview:large, max-video-preview:-1\" \/>\n<link rel=\"canonical\" href=\"https:\/\/residenciasanjose.com\/wordpress\/servicio-de-limpieza\/\" \/>\n<meta name=\"twitter:label1\" content=\"Tiempo de lectura\" \/>\n\t<meta name=\"twitter:data1\" content=\"1 minuto\" \/>\n<script type=\"application\/ld+json\" class=\"yoast-schema-graph\">{\"@context\":\"https:\\\/\\\/schema.org\",\"@graph\":[{\"@type\":\"WebPage\",\"@id\":\"https:\\\/\\\/residenciasanjose.com\\\/wordpress\\\/servicio-de-limpieza\\\/\",\"url\":\"https:\\\/\\\/residenciasanjose.com\\\/wordpress\\\/servicio-de-limpieza\\\/\",\"name\":\"Residencia Universitaria SAN JOSE Unibertsitate Egoitza\",\"isPartOf\":{\"@id\":\"https:\\\/\\\/residenciasanjose.com\\\/wordpress\\\/#website\"},\"primaryImageOfPage\":{\"@id\":\"https:\\\/\\\/residenciasanjose.com\\\/wordpress\\\/servicio-de-limpieza\\\/#primaryimage\"},\"image\":{\"@id\":\"https:\\\/\\\/residenciasanjose.com\\\/wordpress\\\/servicio-de-limpieza\\\/#primaryimage\"},\"thumbnailUrl\":\"http:\\\/\\\/residenciasanjose.com\\\/wordpress\\\/wp-content\\\/uploads\\\/2011\\\/10\\\/limpieza-e1337009673319-225x300.jpg\",\"datePublished\":\"2015-04-28T10:50:53+00:00\",\"dateModified\":\"2015-05-28T14:03:11+00:00\",\"description\":\"Mixta. La m\u00e1s grande del Campus. No es Religiosa. Comidas incluidas. La m\u00e1s econ\u00f3mica.\",\"breadcrumb\":{\"@id\":\"https:\\\/\\\/residenciasanjose.com\\\/wordpress\\\/servicio-de-limpieza\\\/#breadcrumb\"},\"inLanguage\":\"es\",\"potentialAction\":[{\"@type\":\"ReadAction\",\"target\":[\"https:\\\/\\\/residenciasanjose.com\\\/wordpress\\\/servicio-de-limpieza\\\/\"]}]},{\"@type\":\"ImageObject\",\"inLanguage\":\"es\",\"@id\":\"https:\\\/\\\/residenciasanjose.com\\\/wordpress\\\/servicio-de-limpieza\\\/#primaryimage\",\"url\":\"https:\\\/\\\/residenciasanjose.com\\\/wordpress\\\/wp-content\\\/uploads\\\/2011\\\/10\\\/limpieza-e1337009673319.jpg\",\"contentUrl\":\"https:\\\/\\\/residenciasanjose.com\\\/wordpress\\\/wp-content\\\/uploads\\\/2011\\\/10\\\/limpieza-e1337009673319.jpg\",\"width\":\"1920\",\"height\":\"2560\"},{\"@type\":\"BreadcrumbList\",\"@id\":\"https:\\\/\\\/residenciasanjose.com\\\/wordpress\\\/servicio-de-limpieza\\\/#breadcrumb\",\"itemListElement\":[{\"@type\":\"ListItem\",\"position\":1,\"name\":\"Portada\",\"item\":\"https:\\\/\\\/residenciasanjose.com\\\/wordpress\\\/\"},{\"@type\":\"ListItem\",\"position\":2,\"name\":\"Servicio de Limpieza\"}]},{\"@type\":\"WebSite\",\"@id\":\"https:\\\/\\\/residenciasanjose.com\\\/wordpress\\\/#website\",\"url\":\"https:\\\/\\\/residenciasanjose.com\\\/wordpress\\\/\",\"name\":\"Residencia Univ. San Jos\u00e9 Univ. Egoitza\",\"description\":\"Residencia Universitaria en la ciudad de Vitoria. Residencia de estudiantes.\",\"potentialAction\":[{\"@type\":\"SearchAction\",\"target\":{\"@type\":\"EntryPoint\",\"urlTemplate\":\"https:\\\/\\\/residenciasanjose.com\\\/wordpress\\\/?s={search_term_string}\"},\"query-input\":{\"@type\":\"PropertyValueSpecification\",\"valueRequired\":true,\"valueName\":\"search_term_string\"}}],\"inLanguage\":\"es\"}]}<\/script>\n<!-- \/ Yoast SEO plugin. -->","yoast_head_json":{"title":"Residencia Universitaria SAN JOSE Unibertsitate Egoitza","description":"Mixta. La m\u00e1s grande del Campus. No es Religiosa. Comidas incluidas. La m\u00e1s econ\u00f3mica.","robots":{"index":"index","follow":"follow","max-snippet":"max-snippet:-1","max-image-preview":"max-image-preview:large","max-video-preview":"max-video-preview:-1"},"canonical":"https:\/\/residenciasanjose.com\/wordpress\/servicio-de-limpieza\/","twitter_misc":{"Tiempo de lectura":"1 minuto"},"schema":{"@context":"https:\/\/schema.org","@graph":[{"@type":"WebPage","@id":"https:\/\/residenciasanjose.com\/wordpress\/servicio-de-limpieza\/","url":"https:\/\/residenciasanjose.com\/wordpress\/servicio-de-limpieza\/","name":"Residencia Universitaria SAN JOSE Unibertsitate Egoitza","isPartOf":{"@id":"https:\/\/residenciasanjose.com\/wordpress\/#website"},"primaryImageOfPage":{"@id":"https:\/\/residenciasanjose.com\/wordpress\/servicio-de-limpieza\/#primaryimage"},"image":{"@id":"https:\/\/residenciasanjose.com\/wordpress\/servicio-de-limpieza\/#primaryimage"},"thumbnailUrl":"http:\/\/residenciasanjose.com\/wordpress\/wp-content\/uploads\/2011\/10\/limpieza-e1337009673319-225x300.jpg","datePublished":"2015-04-28T10:50:53+00:00","dateModified":"2015-05-28T14:03:11+00:00","description":"Mixta. La m\u00e1s grande del Campus. No es Religiosa. Comidas incluidas. La m\u00e1s econ\u00f3mica.","breadcrumb":{"@id":"https:\/\/residenciasanjose.com\/wordpress\/servicio-de-limpieza\/#breadcrumb"},"inLanguage":"es","potentialAction":[{"@type":"ReadAction","target":["https:\/\/residenciasanjose.com\/wordpress\/servicio-de-limpieza\/"]}]},{"@type":"ImageObject","inLanguage":"es","@id":"https:\/\/residenciasanjose.com\/wordpress\/servicio-de-limpieza\/#primaryimage","url":"https:\/\/residenciasanjose.com\/wordpress\/wp-content\/uploads\/2011\/10\/limpieza-e1337009673319.jpg","contentUrl":"https:\/\/residenciasanjose.com\/wordpress\/wp-content\/uploads\/2011\/10\/limpieza-e1337009673319.jpg","width":"1920","height":"2560"},{"@type":"BreadcrumbList","@id":"https:\/\/residenciasanjose.com\/wordpress\/servicio-de-limpieza\/#breadcrumb","itemListElement":[{"@type":"ListItem","position":1,"name":"Portada","item":"https:\/\/residenciasanjose.com\/wordpress\/"},{"@type":"ListItem","position":2,"name":"Servicio de Limpieza"}]},{"@type":"WebSite","@id":"https:\/\/residenciasanjose.com\/wordpress\/#website","url":"https:\/\/residenciasanjose.com\/wordpress\/","name":"Residencia Univ. San Jos\u00e9 Univ. Egoitza","description":"Residencia Universitaria en la ciudad de Vitoria. Residencia de estudiantes.","potentialAction":[{"@type":"SearchAction","target":{"@type":"EntryPoint","urlTemplate":"https:\/\/residenciasanjose.com\/wordpress\/?s={search_term_string}"},"query-input":{"@type":"PropertyValueSpecification","valueRequired":true,"valueName":"search_term_string"}}],"inLanguage":"es"}]}},"_links":{"self":[{"href":"https:\/\/residenciasanjose.com\/wordpress\/wp-json\/wp\/v2\/pages\/3965","targetHints":{"allow":["GET"]}}],"collection":[{"href":"https:\/\/residenciasanjose.com\/wordpress\/wp-json\/wp\/v2\/pages"}],"about":[{"href":"https:\/\/residenciasanjose.com\/wordpress\/wp-json\/wp\/v2\/types\/page"}],"author":[{"embeddable":true,"href":"https:\/\/residenciasanjose.com\/wordpress\/wp-json\/wp\/v2\/users\/2"}],"replies":[{"embeddable":true,"href":"https:\/\/residenciasanjose.com\/wordpress\/wp-json\/wp\/v2\/comments?post=3965"}],"version-history":[{"count":4,"href":"https:\/\/residenciasanjose.com\/wordpress\/wp-json\/wp\/v2\/pages\/3965\/revisions"}],"predecessor-version":[{"id":4276,"href":"https:\/\/residenciasanjose.com\/wordpress\/wp-json\/wp\/v2\/pages\/3965\/revisions\/4276"}],"wp:attachment":[{"href":"https:\/\/residenciasanjose.com\/wordpress\/wp-json\/wp\/v2\/media?parent=3965"}],"curies":[{"name":"wp","href":"https:\/\/api.w.org\/{rel}","templated":true}]}}