{"id":3953,"date":"2015-04-28T10:21:45","date_gmt":"2015-04-28T10:21:45","guid":{"rendered":"http:\/\/residenciasanjose.com\/wordpress\/?page_id=3953"},"modified":"2026-04-01T11:29:34","modified_gmt":"2026-04-01T11:29:34","slug":"servicio-de-calefaccion","status":"publish","type":"page","link":"https:\/\/residenciasanjose.com\/wordpress\/servicio-de-calefaccion\/","title":{"rendered":"Servicio de Calefaccion"},"content":{"rendered":"<div class=\"wpb-content-wrapper\">[vc_row][vc_column][vc_column_text]\n<h1 style=\"text-align: center;\"><span style=\"color: #0000ff;\">SERVICIO DE CALEFACCI\u00d3N<\/span><\/h1>\n[\/vc_column_text][\/vc_column][\/vc_row][vc_row][vc_column][vc_column_text css_animation=\u00bbappear\u00bb css=\u00bb\u00bb]En nuestro edificio contamos con un servicio de calefacci\u00f3n central por gas natural, que divide al edificio en siete sectores diferentes en funci\u00f3n de las necesidades de temperatura.<\/p>\n<p><img decoding=\"async\" class=\"alignright size-full wp-image-296\" title=\"SALA DE ESTUDIO\" src=\"http:\/\/residenciasanjose.com\/wordpress\/wp-content\/uploads\/2011\/10\/Calefacc-1-300x225.jpg\" alt=\"\" \/><img decoding=\"async\" class=\"alignleft\" title=\"SALA DE ESPARCIMIENTO\" src=\"http:\/\/residenciasanjose.com\/wordpress\/wp-content\/uploads\/2011\/10\/Calefacci-2-300x225.jpg\" alt=\"\" \/>Este servicio no est\u00e1 incluido en la tarifa de alojamiento. Mensualmente, la factura de nuestro proveedor, se publica en el tabl\u00f3n de anuncios pr\u00f3ximo al comedor. El importe de dicha factura se prorratea linealmente entre el total de residentes. El resultado de dicho reparto se carga autom\u00e1ticamente en la cuenta bancaria proporcionada por cada familia. El gasto\u00a0<span style=\"text-decoration: underline;\">medio<\/span>\u00a0de los diez meses del curso, nunca ha subido por encima de los 40 euros por persona y mes. Se suele realizar un balanceo por medio de provisiones para evitar fuertes fluctuaciones entre los meses m\u00e1s\u00a0fr\u00edos\u00a0y los m\u00e1s c\u00e1lidos.<\/p>\n<p>&nbsp;<\/p>\n<p>&nbsp;<\/p>\n<p>La situaci\u00f3n geopol\u00edtica mundial puede provocar subidas importantes en el precio del gas, que afectar\u00eda al coste de este servicio.[\/vc_column_text][\/vc_column][\/vc_row]\n<\/div>","protected":false},"excerpt":{"rendered":"<p>[vc_row][vc_column][vc_column_text] SERVICIO DE CALEFACCI\u00d3N [\/vc_column_text][\/vc_column][\/vc_row][vc_row][vc_column][vc_column_text css_animation=\u00bbappear\u00bb css=\u00bb\u00bb]En nuestro edificio contamos con un servicio de calefacci\u00f3n central por gas natural, que [&hellip;]<\/p>\n","protected":false},"author":2,"featured_media":0,"parent":0,"menu_order":0,"comment_status":"closed","ping_status":"open","template":"","meta":{"footnotes":""},"class_list":["post-3953","page","type-page","status-publish","hentry"],"yoast_head":"<!-- This site is optimized with the Yoast SEO plugin v27.5 - https:\/\/yoast.com\/product\/yoast-seo-wordpress\/ -->\n<title>Residencia Universitaria SAN JOSE Unibertsitate Egoitza<\/title>\n<meta name=\"description\" content=\"Mixta. La m\u00e1s grande del Campus. No es Religiosa. Comidas incluidas. La m\u00e1s econ\u00f3mica.\" \/>\n<meta name=\"robots\" content=\"index, follow, max-snippet:-1, max-image-preview:large, max-video-preview:-1\" \/>\n<link rel=\"canonical\" href=\"https:\/\/residenciasanjose.com\/wordpress\/servicio-de-calefaccion\/\" \/>\n<meta name=\"twitter:label1\" content=\"Tiempo de lectura\" \/>\n\t<meta name=\"twitter:data1\" content=\"2 minutos\" \/>\n<script type=\"application\/ld+json\" class=\"yoast-schema-graph\">{\"@context\":\"https:\\\/\\\/schema.org\",\"@graph\":[{\"@type\":\"WebPage\",\"@id\":\"https:\\\/\\\/residenciasanjose.com\\\/wordpress\\\/servicio-de-calefaccion\\\/\",\"url\":\"https:\\\/\\\/residenciasanjose.com\\\/wordpress\\\/servicio-de-calefaccion\\\/\",\"name\":\"Residencia Universitaria SAN JOSE Unibertsitate Egoitza\",\"isPartOf\":{\"@id\":\"https:\\\/\\\/residenciasanjose.com\\\/wordpress\\\/#website\"},\"primaryImageOfPage\":{\"@id\":\"https:\\\/\\\/residenciasanjose.com\\\/wordpress\\\/servicio-de-calefaccion\\\/#primaryimage\"},\"image\":{\"@id\":\"https:\\\/\\\/residenciasanjose.com\\\/wordpress\\\/servicio-de-calefaccion\\\/#primaryimage\"},\"thumbnailUrl\":\"http:\\\/\\\/residenciasanjose.com\\\/wordpress\\\/wp-content\\\/uploads\\\/2011\\\/10\\\/Calefacc-1-300x225.jpg\",\"datePublished\":\"2015-04-28T10:21:45+00:00\",\"dateModified\":\"2026-04-01T11:29:34+00:00\",\"description\":\"Mixta. La m\u00e1s grande del Campus. No es Religiosa. Comidas incluidas. La m\u00e1s econ\u00f3mica.\",\"breadcrumb\":{\"@id\":\"https:\\\/\\\/residenciasanjose.com\\\/wordpress\\\/servicio-de-calefaccion\\\/#breadcrumb\"},\"inLanguage\":\"es\",\"potentialAction\":[{\"@type\":\"ReadAction\",\"target\":[\"https:\\\/\\\/residenciasanjose.com\\\/wordpress\\\/servicio-de-calefaccion\\\/\"]}]},{\"@type\":\"ImageObject\",\"inLanguage\":\"es\",\"@id\":\"https:\\\/\\\/residenciasanjose.com\\\/wordpress\\\/servicio-de-calefaccion\\\/#primaryimage\",\"url\":\"http:\\\/\\\/residenciasanjose.com\\\/wordpress\\\/wp-content\\\/uploads\\\/2011\\\/10\\\/Calefacc-1-300x225.jpg\",\"contentUrl\":\"http:\\\/\\\/residenciasanjose.com\\\/wordpress\\\/wp-content\\\/uploads\\\/2011\\\/10\\\/Calefacc-1-300x225.jpg\"},{\"@type\":\"BreadcrumbList\",\"@id\":\"https:\\\/\\\/residenciasanjose.com\\\/wordpress\\\/servicio-de-calefaccion\\\/#breadcrumb\",\"itemListElement\":[{\"@type\":\"ListItem\",\"position\":1,\"name\":\"Portada\",\"item\":\"https:\\\/\\\/residenciasanjose.com\\\/wordpress\\\/\"},{\"@type\":\"ListItem\",\"position\":2,\"name\":\"Servicio de Calefaccion\"}]},{\"@type\":\"WebSite\",\"@id\":\"https:\\\/\\\/residenciasanjose.com\\\/wordpress\\\/#website\",\"url\":\"https:\\\/\\\/residenciasanjose.com\\\/wordpress\\\/\",\"name\":\"Residencia Univ. San Jos\u00e9 Univ. Egoitza\",\"description\":\"Residencia Universitaria en la ciudad de Vitoria. Residencia de estudiantes.\",\"potentialAction\":[{\"@type\":\"SearchAction\",\"target\":{\"@type\":\"EntryPoint\",\"urlTemplate\":\"https:\\\/\\\/residenciasanjose.com\\\/wordpress\\\/?s={search_term_string}\"},\"query-input\":{\"@type\":\"PropertyValueSpecification\",\"valueRequired\":true,\"valueName\":\"search_term_string\"}}],\"inLanguage\":\"es\"}]}<\/script>\n<!-- \/ Yoast SEO plugin. -->","yoast_head_json":{"title":"Residencia Universitaria SAN JOSE Unibertsitate Egoitza","description":"Mixta. La m\u00e1s grande del Campus. No es Religiosa. Comidas incluidas. La m\u00e1s econ\u00f3mica.","robots":{"index":"index","follow":"follow","max-snippet":"max-snippet:-1","max-image-preview":"max-image-preview:large","max-video-preview":"max-video-preview:-1"},"canonical":"https:\/\/residenciasanjose.com\/wordpress\/servicio-de-calefaccion\/","twitter_misc":{"Tiempo de lectura":"2 minutos"},"schema":{"@context":"https:\/\/schema.org","@graph":[{"@type":"WebPage","@id":"https:\/\/residenciasanjose.com\/wordpress\/servicio-de-calefaccion\/","url":"https:\/\/residenciasanjose.com\/wordpress\/servicio-de-calefaccion\/","name":"Residencia Universitaria SAN JOSE Unibertsitate Egoitza","isPartOf":{"@id":"https:\/\/residenciasanjose.com\/wordpress\/#website"},"primaryImageOfPage":{"@id":"https:\/\/residenciasanjose.com\/wordpress\/servicio-de-calefaccion\/#primaryimage"},"image":{"@id":"https:\/\/residenciasanjose.com\/wordpress\/servicio-de-calefaccion\/#primaryimage"},"thumbnailUrl":"http:\/\/residenciasanjose.com\/wordpress\/wp-content\/uploads\/2011\/10\/Calefacc-1-300x225.jpg","datePublished":"2015-04-28T10:21:45+00:00","dateModified":"2026-04-01T11:29:34+00:00","description":"Mixta. La m\u00e1s grande del Campus. No es Religiosa. Comidas incluidas. La m\u00e1s econ\u00f3mica.","breadcrumb":{"@id":"https:\/\/residenciasanjose.com\/wordpress\/servicio-de-calefaccion\/#breadcrumb"},"inLanguage":"es","potentialAction":[{"@type":"ReadAction","target":["https:\/\/residenciasanjose.com\/wordpress\/servicio-de-calefaccion\/"]}]},{"@type":"ImageObject","inLanguage":"es","@id":"https:\/\/residenciasanjose.com\/wordpress\/servicio-de-calefaccion\/#primaryimage","url":"http:\/\/residenciasanjose.com\/wordpress\/wp-content\/uploads\/2011\/10\/Calefacc-1-300x225.jpg","contentUrl":"http:\/\/residenciasanjose.com\/wordpress\/wp-content\/uploads\/2011\/10\/Calefacc-1-300x225.jpg"},{"@type":"BreadcrumbList","@id":"https:\/\/residenciasanjose.com\/wordpress\/servicio-de-calefaccion\/#breadcrumb","itemListElement":[{"@type":"ListItem","position":1,"name":"Portada","item":"https:\/\/residenciasanjose.com\/wordpress\/"},{"@type":"ListItem","position":2,"name":"Servicio de Calefaccion"}]},{"@type":"WebSite","@id":"https:\/\/residenciasanjose.com\/wordpress\/#website","url":"https:\/\/residenciasanjose.com\/wordpress\/","name":"Residencia Univ. San Jos\u00e9 Univ. Egoitza","description":"Residencia Universitaria en la ciudad de Vitoria. Residencia de estudiantes.","potentialAction":[{"@type":"SearchAction","target":{"@type":"EntryPoint","urlTemplate":"https:\/\/residenciasanjose.com\/wordpress\/?s={search_term_string}"},"query-input":{"@type":"PropertyValueSpecification","valueRequired":true,"valueName":"search_term_string"}}],"inLanguage":"es"}]}},"_links":{"self":[{"href":"https:\/\/residenciasanjose.com\/wordpress\/wp-json\/wp\/v2\/pages\/3953","targetHints":{"allow":["GET"]}}],"collection":[{"href":"https:\/\/residenciasanjose.com\/wordpress\/wp-json\/wp\/v2\/pages"}],"about":[{"href":"https:\/\/residenciasanjose.com\/wordpress\/wp-json\/wp\/v2\/types\/page"}],"author":[{"embeddable":true,"href":"https:\/\/residenciasanjose.com\/wordpress\/wp-json\/wp\/v2\/users\/2"}],"replies":[{"embeddable":true,"href":"https:\/\/residenciasanjose.com\/wordpress\/wp-json\/wp\/v2\/comments?post=3953"}],"version-history":[{"count":6,"href":"https:\/\/residenciasanjose.com\/wordpress\/wp-json\/wp\/v2\/pages\/3953\/revisions"}],"predecessor-version":[{"id":4886,"href":"https:\/\/residenciasanjose.com\/wordpress\/wp-json\/wp\/v2\/pages\/3953\/revisions\/4886"}],"wp:attachment":[{"href":"https:\/\/residenciasanjose.com\/wordpress\/wp-json\/wp\/v2\/media?parent=3953"}],"curies":[{"name":"wp","href":"https:\/\/api.w.org\/{rel}","templated":true}]}}