{"id":3947,"date":"2015-04-28T09:55:18","date_gmt":"2015-04-28T09:55:18","guid":{"rendered":"http:\/\/residenciasanjose.com\/wordpress\/?page_id=3947"},"modified":"2015-05-28T14:09:30","modified_gmt":"2015-05-28T14:09:30","slug":"servicio-de-telefonia-fija","status":"publish","type":"page","link":"https:\/\/residenciasanjose.com\/wordpress\/servicio-de-telefonia-fija\/","title":{"rendered":"Servicio de Telefon\u00eda FIJA"},"content":{"rendered":"<div class=\"wpb-content-wrapper\">[vc_row][vc_column width=\u00bb1\/1&#8243;][vc_column_text]\n<h1 style=\"text-align: center;\"><span style=\"color: #0000ff;\">SERVICIO DE TELEFON\u00cdA FIJA<\/span><\/h1>\n[\/vc_column_text][\/vc_column][\/vc_row][vc_row][vc_column width=\u00bb1\/1&#8243;]<div class=\"fw-section hb-fw-69f5cb74bcf32 without-border no-overlay dark-text-color\" style=\"background-image:url(https:\/\/residenciasanjose.com\/wordpress\/wp-content\/uploads\/2015\/04\/Telefono-2estira.jpg);padding-top:30px;padding-bottom:30px;\"><div class=\"row fw-content-wrap\"><div class=\"col-12 nbm\">\n<p>&nbsp;<\/p>\n<p>&nbsp;<\/p>\n<p>&nbsp;<\/p>\n<\/div><\/div><div class=\"video-overlay no-overlay\"><\/div><\/div>[\/vc_column][\/vc_row][vc_row][vc_column width=\u00bb1\/1&#8243;][vc_column_text css_animation=\u00bbappear\u00bb]La residencia tiene una centralita telef\u00f3nica con m\u00e1s de noventa tel\u00e9fonos conectada a ella. Tenemos seis canales de voz dependientes del n\u00famero 945 23 29 93, utilizados no s\u00f3lo por los residentes, sino por sus familias y amigos.<\/p>\n<p><img decoding=\"async\" class=\"alignright  wp-image-296\" title=\"TEL\u00c9FONO\" src=\"http:\/\/residenciasanjose.com\/wordpress\/wp-content\/uploads\/2011\/10\/Telefono-300x225.jpg\" alt=\"\" \/>Tenemos limitado el horario de recepci\u00f3n de llamadas para no molestar durante la noche a los residentes\u00a0que disfruten de un sue\u00f1o reparador. Por ello, la recepci\u00f3n de llamadas se podr\u00e1 realizar entre las 7:00 y las 23:00horas.<\/p>\n<p>Todas las habitaciones tienen su tel\u00e9fono. Las llamadas entre habitaciones no tienen cargo alguno, como por supuesto tampoco lo tiene la recepci\u00f3n de llamadas desde el exterior.<\/p>\n<p>Tenemos una operadora autom\u00e1tica que direcciona las llamadas a las habitaciones deseadas. Su funcionamiento es muy sencillo. Inicialmente, el\/la residente deber\u00e1 informar a familiares y amigos, del n\u00famero de extensi\u00f3n asociado a su habitaci\u00f3n y\/o a las habitaciones o zonas comunes donde suela estar cuando no se encuentre en su habitaci\u00f3n. Este n\u00famero de extensi\u00f3n son tres d\u00edgitos visibles en una pegatina adherida al tel\u00e9fono en su zona superior. \u00a0Cuando los familiares llaman al n\u00famero de la residencia, les contestar\u00e1 la operadora autom\u00e1tica para que introduzcan el\u00a0d\u00edgito\u00a0\u00ab0\u00bb, seguido de la extensi\u00f3n de la habitaci\u00f3n con la que quieran contactar. Si no contesta nadie en esa habitaci\u00f3n, o el tel\u00e9fono de la habitaci\u00f3n est\u00e1 ocupado, salta de nuevo a la operadora autom\u00e1tica para intentarlo de nuevo, o introducir otro n\u00famero de extensi\u00f3n para localizar al residente en otro lugar de la residencia. Si no se introduce ning\u00fan n\u00famero de extensi\u00f3n, la llamada es transferida a las oficinas.[\/vc_column_text][\/vc_column][\/vc_row]\n<\/div>","protected":false},"excerpt":{"rendered":"<p>[vc_row][vc_column width=\u00bb1\/1&#8243;][vc_column_text] SERVICIO DE TELEFON\u00cdA FIJA [\/vc_column_text][\/vc_column][\/vc_row][vc_row][vc_column width=\u00bb1\/1&#8243;][\/vc_column][\/vc_row][vc_row][vc_column width=\u00bb1\/1&#8243;][vc_column_text css_animation=\u00bbappear\u00bb]La residencia tiene una centralita telef\u00f3nica con m\u00e1s de noventa tel\u00e9fonos [&hellip;]<\/p>\n","protected":false},"author":2,"featured_media":0,"parent":0,"menu_order":0,"comment_status":"closed","ping_status":"open","template":"","meta":{"footnotes":""},"class_list":["post-3947","page","type-page","status-publish","hentry"],"yoast_head":"<!-- This site is optimized with the Yoast SEO plugin v27.5 - https:\/\/yoast.com\/product\/yoast-seo-wordpress\/ -->\n<title>Residencia Universitaria SAN JOSE Unibertsitate Egoitza<\/title>\n<meta name=\"description\" content=\"Mixta. La m\u00e1s grande del Campus. No es Religiosa. Comidas incluidas. La m\u00e1s econ\u00f3mica.\" \/>\n<meta name=\"robots\" content=\"index, follow, max-snippet:-1, max-image-preview:large, max-video-preview:-1\" \/>\n<link rel=\"canonical\" href=\"https:\/\/residenciasanjose.com\/wordpress\/servicio-de-telefonia-fija\/\" \/>\n<meta name=\"twitter:label1\" content=\"Tiempo de lectura\" \/>\n\t<meta name=\"twitter:data1\" content=\"2 minutos\" \/>\n<script type=\"application\/ld+json\" class=\"yoast-schema-graph\">{\"@context\":\"https:\\\/\\\/schema.org\",\"@graph\":[{\"@type\":\"WebPage\",\"@id\":\"https:\\\/\\\/residenciasanjose.com\\\/wordpress\\\/servicio-de-telefonia-fija\\\/\",\"url\":\"https:\\\/\\\/residenciasanjose.com\\\/wordpress\\\/servicio-de-telefonia-fija\\\/\",\"name\":\"Residencia Universitaria SAN JOSE Unibertsitate Egoitza\",\"isPartOf\":{\"@id\":\"https:\\\/\\\/residenciasanjose.com\\\/wordpress\\\/#website\"},\"primaryImageOfPage\":{\"@id\":\"https:\\\/\\\/residenciasanjose.com\\\/wordpress\\\/servicio-de-telefonia-fija\\\/#primaryimage\"},\"image\":{\"@id\":\"https:\\\/\\\/residenciasanjose.com\\\/wordpress\\\/servicio-de-telefonia-fija\\\/#primaryimage\"},\"thumbnailUrl\":\"http:\\\/\\\/residenciasanjose.com\\\/wordpress\\\/wp-content\\\/uploads\\\/2011\\\/10\\\/Telefono-300x225.jpg\",\"datePublished\":\"2015-04-28T09:55:18+00:00\",\"dateModified\":\"2015-05-28T14:09:30+00:00\",\"description\":\"Mixta. La m\u00e1s grande del Campus. No es Religiosa. Comidas incluidas. La m\u00e1s econ\u00f3mica.\",\"breadcrumb\":{\"@id\":\"https:\\\/\\\/residenciasanjose.com\\\/wordpress\\\/servicio-de-telefonia-fija\\\/#breadcrumb\"},\"inLanguage\":\"es\",\"potentialAction\":[{\"@type\":\"ReadAction\",\"target\":[\"https:\\\/\\\/residenciasanjose.com\\\/wordpress\\\/servicio-de-telefonia-fija\\\/\"]}]},{\"@type\":\"ImageObject\",\"inLanguage\":\"es\",\"@id\":\"https:\\\/\\\/residenciasanjose.com\\\/wordpress\\\/servicio-de-telefonia-fija\\\/#primaryimage\",\"url\":\"https:\\\/\\\/residenciasanjose.com\\\/wordpress\\\/wp-content\\\/uploads\\\/2011\\\/10\\\/Telefono.jpg\",\"contentUrl\":\"https:\\\/\\\/residenciasanjose.com\\\/wordpress\\\/wp-content\\\/uploads\\\/2011\\\/10\\\/Telefono.jpg\",\"width\":\"2560\",\"height\":\"1920\"},{\"@type\":\"BreadcrumbList\",\"@id\":\"https:\\\/\\\/residenciasanjose.com\\\/wordpress\\\/servicio-de-telefonia-fija\\\/#breadcrumb\",\"itemListElement\":[{\"@type\":\"ListItem\",\"position\":1,\"name\":\"Portada\",\"item\":\"https:\\\/\\\/residenciasanjose.com\\\/wordpress\\\/\"},{\"@type\":\"ListItem\",\"position\":2,\"name\":\"Servicio de Telefon\u00eda FIJA\"}]},{\"@type\":\"WebSite\",\"@id\":\"https:\\\/\\\/residenciasanjose.com\\\/wordpress\\\/#website\",\"url\":\"https:\\\/\\\/residenciasanjose.com\\\/wordpress\\\/\",\"name\":\"Residencia Univ. San Jos\u00e9 Univ. Egoitza\",\"description\":\"Residencia Universitaria en la ciudad de Vitoria. Residencia de estudiantes.\",\"potentialAction\":[{\"@type\":\"SearchAction\",\"target\":{\"@type\":\"EntryPoint\",\"urlTemplate\":\"https:\\\/\\\/residenciasanjose.com\\\/wordpress\\\/?s={search_term_string}\"},\"query-input\":{\"@type\":\"PropertyValueSpecification\",\"valueRequired\":true,\"valueName\":\"search_term_string\"}}],\"inLanguage\":\"es\"}]}<\/script>\n<!-- \/ Yoast SEO plugin. -->","yoast_head_json":{"title":"Residencia Universitaria SAN JOSE Unibertsitate Egoitza","description":"Mixta. La m\u00e1s grande del Campus. No es Religiosa. Comidas incluidas. La m\u00e1s econ\u00f3mica.","robots":{"index":"index","follow":"follow","max-snippet":"max-snippet:-1","max-image-preview":"max-image-preview:large","max-video-preview":"max-video-preview:-1"},"canonical":"https:\/\/residenciasanjose.com\/wordpress\/servicio-de-telefonia-fija\/","twitter_misc":{"Tiempo de lectura":"2 minutos"},"schema":{"@context":"https:\/\/schema.org","@graph":[{"@type":"WebPage","@id":"https:\/\/residenciasanjose.com\/wordpress\/servicio-de-telefonia-fija\/","url":"https:\/\/residenciasanjose.com\/wordpress\/servicio-de-telefonia-fija\/","name":"Residencia Universitaria SAN JOSE Unibertsitate Egoitza","isPartOf":{"@id":"https:\/\/residenciasanjose.com\/wordpress\/#website"},"primaryImageOfPage":{"@id":"https:\/\/residenciasanjose.com\/wordpress\/servicio-de-telefonia-fija\/#primaryimage"},"image":{"@id":"https:\/\/residenciasanjose.com\/wordpress\/servicio-de-telefonia-fija\/#primaryimage"},"thumbnailUrl":"http:\/\/residenciasanjose.com\/wordpress\/wp-content\/uploads\/2011\/10\/Telefono-300x225.jpg","datePublished":"2015-04-28T09:55:18+00:00","dateModified":"2015-05-28T14:09:30+00:00","description":"Mixta. La m\u00e1s grande del Campus. No es Religiosa. Comidas incluidas. La m\u00e1s econ\u00f3mica.","breadcrumb":{"@id":"https:\/\/residenciasanjose.com\/wordpress\/servicio-de-telefonia-fija\/#breadcrumb"},"inLanguage":"es","potentialAction":[{"@type":"ReadAction","target":["https:\/\/residenciasanjose.com\/wordpress\/servicio-de-telefonia-fija\/"]}]},{"@type":"ImageObject","inLanguage":"es","@id":"https:\/\/residenciasanjose.com\/wordpress\/servicio-de-telefonia-fija\/#primaryimage","url":"https:\/\/residenciasanjose.com\/wordpress\/wp-content\/uploads\/2011\/10\/Telefono.jpg","contentUrl":"https:\/\/residenciasanjose.com\/wordpress\/wp-content\/uploads\/2011\/10\/Telefono.jpg","width":"2560","height":"1920"},{"@type":"BreadcrumbList","@id":"https:\/\/residenciasanjose.com\/wordpress\/servicio-de-telefonia-fija\/#breadcrumb","itemListElement":[{"@type":"ListItem","position":1,"name":"Portada","item":"https:\/\/residenciasanjose.com\/wordpress\/"},{"@type":"ListItem","position":2,"name":"Servicio de Telefon\u00eda FIJA"}]},{"@type":"WebSite","@id":"https:\/\/residenciasanjose.com\/wordpress\/#website","url":"https:\/\/residenciasanjose.com\/wordpress\/","name":"Residencia Univ. San Jos\u00e9 Univ. Egoitza","description":"Residencia Universitaria en la ciudad de Vitoria. Residencia de estudiantes.","potentialAction":[{"@type":"SearchAction","target":{"@type":"EntryPoint","urlTemplate":"https:\/\/residenciasanjose.com\/wordpress\/?s={search_term_string}"},"query-input":{"@type":"PropertyValueSpecification","valueRequired":true,"valueName":"search_term_string"}}],"inLanguage":"es"}]}},"_links":{"self":[{"href":"https:\/\/residenciasanjose.com\/wordpress\/wp-json\/wp\/v2\/pages\/3947","targetHints":{"allow":["GET"]}}],"collection":[{"href":"https:\/\/residenciasanjose.com\/wordpress\/wp-json\/wp\/v2\/pages"}],"about":[{"href":"https:\/\/residenciasanjose.com\/wordpress\/wp-json\/wp\/v2\/types\/page"}],"author":[{"embeddable":true,"href":"https:\/\/residenciasanjose.com\/wordpress\/wp-json\/wp\/v2\/users\/2"}],"replies":[{"embeddable":true,"href":"https:\/\/residenciasanjose.com\/wordpress\/wp-json\/wp\/v2\/comments?post=3947"}],"version-history":[{"count":4,"href":"https:\/\/residenciasanjose.com\/wordpress\/wp-json\/wp\/v2\/pages\/3947\/revisions"}],"predecessor-version":[{"id":4279,"href":"https:\/\/residenciasanjose.com\/wordpress\/wp-json\/wp\/v2\/pages\/3947\/revisions\/4279"}],"wp:attachment":[{"href":"https:\/\/residenciasanjose.com\/wordpress\/wp-json\/wp\/v2\/media?parent=3947"}],"curies":[{"name":"wp","href":"https:\/\/api.w.org\/{rel}","templated":true}]}}