{"id":3944,"date":"2015-04-28T09:49:08","date_gmt":"2015-04-28T09:49:08","guid":{"rendered":"http:\/\/residenciasanjose.com\/wordpress\/?page_id=3944"},"modified":"2015-05-28T14:00:25","modified_gmt":"2015-05-28T14:00:25","slug":"servicio-de-lavanderia","status":"publish","type":"page","link":"https:\/\/residenciasanjose.com\/wordpress\/servicio-de-lavanderia\/","title":{"rendered":"Servicio de Lavander\u00eda"},"content":{"rendered":"<div class=\"wpb-content-wrapper\">[vc_row][vc_column width=\u00bb1\/1&#8243;][vc_column_text]\n<h1 style=\"text-align: center;\"><span style=\"color: #0000ff;\">SERVICIO DE LAVANDER\u00cdA<\/span><\/h1>\n[\/vc_column_text][\/vc_column][\/vc_row][vc_row][vc_column width=\u00bb1\/1&#8243;][vc_column_text]<img decoding=\"async\" class=\"alignleft\" style=\"border-image: initial; border: 2px solid black;\" title=\"Lavander\u00eda\" src=\"http:\/\/residenciasanjose.com\/wordpress\/wp-content\/uploads\/2011\/10\/Lavadora-1-400x300.jpg\" alt=\"\" \/>Los que deseen hacerse la colada, disponen de lavadora y secadora. Estas\u00a0<img decoding=\"async\" class=\"alignright\" style=\"border-image: initial; border: 2px solid black;\" title=\"Opciones m\u00faltiples\" src=\"http:\/\/residenciasanjose.com\/wordpress\/wp-content\/uploads\/2011\/10\/Lavadora-2-300x225.jpg\" alt=\"\" \/>m\u00e1quinas funcionan con monedas, y cada residente deber\u00e1 aportar su propio detergente.<\/p>\n<p>Tambi\u00e9n tenemos un tendedero, tanto a cubierto como a descubierto, para aquellos que deseen evitar la secadora.<\/p>\n<p>Y por \u00faltimo en la zona de pr\u00e9stamos disponen de<br \/>\n<img decoding=\"async\" class=\"alignright\" style=\"border-image: initial; border: 2px solid black;\" title=\"Programaci\u00f3n\" src=\"http:\/\/residenciasanjose.com\/wordpress\/wp-content\/uploads\/2011\/10\/secadora-300x225.jpg\" alt=\"\" \/>planchas y tablas de planchar que pueden solicitar sin cargo alguno.<\/p>\n<p>&nbsp;<\/p>\n[\/vc_column_text][\/vc_column][\/vc_row]\n<\/div>","protected":false},"excerpt":{"rendered":"<p>[vc_row][vc_column width=\u00bb1\/1&#8243;][vc_column_text] SERVICIO DE LAVANDER\u00cdA [\/vc_column_text][\/vc_column][\/vc_row][vc_row][vc_column width=\u00bb1\/1&#8243;][vc_column_text]Los que deseen hacerse la colada, disponen de lavadora y secadora. Estas\u00a0m\u00e1quinas funcionan con [&hellip;]<\/p>\n","protected":false},"author":2,"featured_media":0,"parent":0,"menu_order":0,"comment_status":"closed","ping_status":"open","template":"","meta":{"footnotes":""},"class_list":["post-3944","page","type-page","status-publish","hentry"],"yoast_head":"<!-- This site is optimized with the Yoast SEO plugin v27.5 - https:\/\/yoast.com\/product\/yoast-seo-wordpress\/ -->\n<title>Residencia Universitaria SAN JOSE Unibertsitate Egoitza<\/title>\n<meta name=\"description\" content=\"Mixta. La m\u00e1s grande del Campus. No es Religiosa. Comidas incluidas. La m\u00e1s econ\u00f3mica.\" \/>\n<meta name=\"robots\" content=\"index, follow, max-snippet:-1, max-image-preview:large, max-video-preview:-1\" \/>\n<link rel=\"canonical\" href=\"https:\/\/residenciasanjose.com\/wordpress\/servicio-de-lavanderia\/\" \/>\n<meta name=\"twitter:label1\" content=\"Tiempo de lectura\" \/>\n\t<meta name=\"twitter:data1\" content=\"1 minuto\" \/>\n<script type=\"application\/ld+json\" class=\"yoast-schema-graph\">{\"@context\":\"https:\\\/\\\/schema.org\",\"@graph\":[{\"@type\":\"WebPage\",\"@id\":\"https:\\\/\\\/residenciasanjose.com\\\/wordpress\\\/servicio-de-lavanderia\\\/\",\"url\":\"https:\\\/\\\/residenciasanjose.com\\\/wordpress\\\/servicio-de-lavanderia\\\/\",\"name\":\"Residencia Universitaria SAN JOSE Unibertsitate Egoitza\",\"isPartOf\":{\"@id\":\"https:\\\/\\\/residenciasanjose.com\\\/wordpress\\\/#website\"},\"primaryImageOfPage\":{\"@id\":\"https:\\\/\\\/residenciasanjose.com\\\/wordpress\\\/servicio-de-lavanderia\\\/#primaryimage\"},\"image\":{\"@id\":\"https:\\\/\\\/residenciasanjose.com\\\/wordpress\\\/servicio-de-lavanderia\\\/#primaryimage\"},\"thumbnailUrl\":\"http:\\\/\\\/residenciasanjose.com\\\/wordpress\\\/wp-content\\\/uploads\\\/2011\\\/10\\\/Lavadora-1-400x300.jpg\",\"datePublished\":\"2015-04-28T09:49:08+00:00\",\"dateModified\":\"2015-05-28T14:00:25+00:00\",\"description\":\"Mixta. La m\u00e1s grande del Campus. No es Religiosa. Comidas incluidas. La m\u00e1s econ\u00f3mica.\",\"breadcrumb\":{\"@id\":\"https:\\\/\\\/residenciasanjose.com\\\/wordpress\\\/servicio-de-lavanderia\\\/#breadcrumb\"},\"inLanguage\":\"es\",\"potentialAction\":[{\"@type\":\"ReadAction\",\"target\":[\"https:\\\/\\\/residenciasanjose.com\\\/wordpress\\\/servicio-de-lavanderia\\\/\"]}]},{\"@type\":\"ImageObject\",\"inLanguage\":\"es\",\"@id\":\"https:\\\/\\\/residenciasanjose.com\\\/wordpress\\\/servicio-de-lavanderia\\\/#primaryimage\",\"url\":\"https:\\\/\\\/residenciasanjose.com\\\/wordpress\\\/wp-content\\\/uploads\\\/2011\\\/10\\\/Lavadora-1.jpg\",\"contentUrl\":\"https:\\\/\\\/residenciasanjose.com\\\/wordpress\\\/wp-content\\\/uploads\\\/2011\\\/10\\\/Lavadora-1.jpg\",\"width\":\"2560\",\"height\":\"1920\"},{\"@type\":\"BreadcrumbList\",\"@id\":\"https:\\\/\\\/residenciasanjose.com\\\/wordpress\\\/servicio-de-lavanderia\\\/#breadcrumb\",\"itemListElement\":[{\"@type\":\"ListItem\",\"position\":1,\"name\":\"Portada\",\"item\":\"https:\\\/\\\/residenciasanjose.com\\\/wordpress\\\/\"},{\"@type\":\"ListItem\",\"position\":2,\"name\":\"Servicio de Lavander\u00eda\"}]},{\"@type\":\"WebSite\",\"@id\":\"https:\\\/\\\/residenciasanjose.com\\\/wordpress\\\/#website\",\"url\":\"https:\\\/\\\/residenciasanjose.com\\\/wordpress\\\/\",\"name\":\"Residencia Univ. San Jos\u00e9 Univ. Egoitza\",\"description\":\"Residencia Universitaria en la ciudad de Vitoria. Residencia de estudiantes.\",\"potentialAction\":[{\"@type\":\"SearchAction\",\"target\":{\"@type\":\"EntryPoint\",\"urlTemplate\":\"https:\\\/\\\/residenciasanjose.com\\\/wordpress\\\/?s={search_term_string}\"},\"query-input\":{\"@type\":\"PropertyValueSpecification\",\"valueRequired\":true,\"valueName\":\"search_term_string\"}}],\"inLanguage\":\"es\"}]}<\/script>\n<!-- \/ Yoast SEO plugin. -->","yoast_head_json":{"title":"Residencia Universitaria SAN JOSE Unibertsitate Egoitza","description":"Mixta. La m\u00e1s grande del Campus. No es Religiosa. Comidas incluidas. La m\u00e1s econ\u00f3mica.","robots":{"index":"index","follow":"follow","max-snippet":"max-snippet:-1","max-image-preview":"max-image-preview:large","max-video-preview":"max-video-preview:-1"},"canonical":"https:\/\/residenciasanjose.com\/wordpress\/servicio-de-lavanderia\/","twitter_misc":{"Tiempo de lectura":"1 minuto"},"schema":{"@context":"https:\/\/schema.org","@graph":[{"@type":"WebPage","@id":"https:\/\/residenciasanjose.com\/wordpress\/servicio-de-lavanderia\/","url":"https:\/\/residenciasanjose.com\/wordpress\/servicio-de-lavanderia\/","name":"Residencia Universitaria SAN JOSE Unibertsitate Egoitza","isPartOf":{"@id":"https:\/\/residenciasanjose.com\/wordpress\/#website"},"primaryImageOfPage":{"@id":"https:\/\/residenciasanjose.com\/wordpress\/servicio-de-lavanderia\/#primaryimage"},"image":{"@id":"https:\/\/residenciasanjose.com\/wordpress\/servicio-de-lavanderia\/#primaryimage"},"thumbnailUrl":"http:\/\/residenciasanjose.com\/wordpress\/wp-content\/uploads\/2011\/10\/Lavadora-1-400x300.jpg","datePublished":"2015-04-28T09:49:08+00:00","dateModified":"2015-05-28T14:00:25+00:00","description":"Mixta. La m\u00e1s grande del Campus. No es Religiosa. Comidas incluidas. La m\u00e1s econ\u00f3mica.","breadcrumb":{"@id":"https:\/\/residenciasanjose.com\/wordpress\/servicio-de-lavanderia\/#breadcrumb"},"inLanguage":"es","potentialAction":[{"@type":"ReadAction","target":["https:\/\/residenciasanjose.com\/wordpress\/servicio-de-lavanderia\/"]}]},{"@type":"ImageObject","inLanguage":"es","@id":"https:\/\/residenciasanjose.com\/wordpress\/servicio-de-lavanderia\/#primaryimage","url":"https:\/\/residenciasanjose.com\/wordpress\/wp-content\/uploads\/2011\/10\/Lavadora-1.jpg","contentUrl":"https:\/\/residenciasanjose.com\/wordpress\/wp-content\/uploads\/2011\/10\/Lavadora-1.jpg","width":"2560","height":"1920"},{"@type":"BreadcrumbList","@id":"https:\/\/residenciasanjose.com\/wordpress\/servicio-de-lavanderia\/#breadcrumb","itemListElement":[{"@type":"ListItem","position":1,"name":"Portada","item":"https:\/\/residenciasanjose.com\/wordpress\/"},{"@type":"ListItem","position":2,"name":"Servicio de Lavander\u00eda"}]},{"@type":"WebSite","@id":"https:\/\/residenciasanjose.com\/wordpress\/#website","url":"https:\/\/residenciasanjose.com\/wordpress\/","name":"Residencia Univ. San Jos\u00e9 Univ. Egoitza","description":"Residencia Universitaria en la ciudad de Vitoria. Residencia de estudiantes.","potentialAction":[{"@type":"SearchAction","target":{"@type":"EntryPoint","urlTemplate":"https:\/\/residenciasanjose.com\/wordpress\/?s={search_term_string}"},"query-input":{"@type":"PropertyValueSpecification","valueRequired":true,"valueName":"search_term_string"}}],"inLanguage":"es"}]}},"_links":{"self":[{"href":"https:\/\/residenciasanjose.com\/wordpress\/wp-json\/wp\/v2\/pages\/3944","targetHints":{"allow":["GET"]}}],"collection":[{"href":"https:\/\/residenciasanjose.com\/wordpress\/wp-json\/wp\/v2\/pages"}],"about":[{"href":"https:\/\/residenciasanjose.com\/wordpress\/wp-json\/wp\/v2\/types\/page"}],"author":[{"embeddable":true,"href":"https:\/\/residenciasanjose.com\/wordpress\/wp-json\/wp\/v2\/users\/2"}],"replies":[{"embeddable":true,"href":"https:\/\/residenciasanjose.com\/wordpress\/wp-json\/wp\/v2\/comments?post=3944"}],"version-history":[{"count":2,"href":"https:\/\/residenciasanjose.com\/wordpress\/wp-json\/wp\/v2\/pages\/3944\/revisions"}],"predecessor-version":[{"id":4275,"href":"https:\/\/residenciasanjose.com\/wordpress\/wp-json\/wp\/v2\/pages\/3944\/revisions\/4275"}],"wp:attachment":[{"href":"https:\/\/residenciasanjose.com\/wordpress\/wp-json\/wp\/v2\/media?parent=3944"}],"curies":[{"name":"wp","href":"https:\/\/api.w.org\/{rel}","templated":true}]}}