{"id":3934,"date":"2015-04-28T09:27:41","date_gmt":"2015-04-28T09:27:41","guid":{"rendered":"http:\/\/residenciasanjose.com\/wordpress\/?page_id=3934"},"modified":"2015-05-28T13:53:49","modified_gmt":"2015-05-28T13:53:49","slug":"salas-de-estar","status":"publish","type":"page","link":"https:\/\/residenciasanjose.com\/wordpress\/salas-de-estar\/","title":{"rendered":"Salas de Estar"},"content":{"rendered":"<div class=\"wpb-content-wrapper\">[vc_row][vc_column width=\u00bb1\/1&#8243;][vc_column_text]\n<h1 style=\"text-align: center;\"><span style=\"color: #0000ff;\">SALAS DE ESTAR<\/span><\/h1>\n[\/vc_column_text][\/vc_column][\/vc_row][vc_row][vc_column width=\u00bb1\/1&#8243;][vc_column_text]<img decoding=\"async\" class=\"alignright\" style=\"border-image: initial; border: 1px solid black;\" title=\"4923484517_ac74583850_b\" src=\"http:\/\/residenciasanjose.com\/wordpress\/wp-content\/uploads\/2011\/10\/Sala-estar-4-600x300.jpg\" alt=\"\" \/>Como podr\u00e1n comprobar en nuestra residencia hay muchos lugares donde los residentes se juntan y se relacionan. Pero catalogadas como sala de estar, tenemos tres.<br \/>\n<img decoding=\"async\" class=\"alignleft\" style=\"border-image: initial; border: 1px solid black;\" title=\"4923484517_ac74583850_b\" src=\"http:\/\/residenciasanjose.com\/wordpress\/wp-content\/uploads\/2011\/10\/Sala-estar-5-300x225.jpg\" alt=\"\" \/><br \/>\nLas tres salas tienen unas envidiables y grandes televisiones, DVD, y c\u00f3modas\u00a0<img decoding=\"async\" class=\"alignleft\" style=\"border-image: initial; border: 1px solid black;\" title=\"4923484517_ac74583850_b\" src=\"http:\/\/residenciasanjose.com\/wordpress\/wp-content\/uploads\/2011\/10\/GOPR0118-300x225.jpg\" alt=\"\" \/>butacas y sof\u00e1s con los que disfrutar de inolvidables momentos de ocio. Tambi\u00e9n<br \/>\ntienen disponibles en estas salas, bases de enchufe, para poder conectar los cargadores de port\u00e1tiles, tel\u00e9fonos, etc&#8230;[\/vc_column_text][\/vc_column][\/vc_row]\n<\/div>","protected":false},"excerpt":{"rendered":"<p>[vc_row][vc_column width=\u00bb1\/1&#8243;][vc_column_text] SALAS DE ESTAR [\/vc_column_text][\/vc_column][\/vc_row][vc_row][vc_column width=\u00bb1\/1&#8243;][vc_column_text]Como podr\u00e1n comprobar en nuestra residencia hay muchos lugares donde los residentes se juntan [&hellip;]<\/p>\n","protected":false},"author":2,"featured_media":0,"parent":0,"menu_order":0,"comment_status":"closed","ping_status":"open","template":"","meta":{"footnotes":""},"class_list":["post-3934","page","type-page","status-publish","hentry"],"yoast_head":"<!-- This site is optimized with the Yoast SEO plugin v27.2 - https:\/\/yoast.com\/product\/yoast-seo-wordpress\/ -->\n<title>Residencia Universitaria SAN JOSE Unibertsitate Egoitza<\/title>\n<meta name=\"description\" content=\"Mixta. La m\u00e1s grande del Campus. No es Religiosa. Comidas incluidas. La m\u00e1s econ\u00f3mica.\" \/>\n<meta name=\"robots\" content=\"index, follow, max-snippet:-1, max-image-preview:large, max-video-preview:-1\" \/>\n<link rel=\"canonical\" href=\"https:\/\/residenciasanjose.com\/wordpress\/salas-de-estar\/\" \/>\n<meta name=\"twitter:label1\" content=\"Tiempo de lectura\" \/>\n\t<meta name=\"twitter:data1\" content=\"1 minuto\" \/>\n<script type=\"application\/ld+json\" class=\"yoast-schema-graph\">{\"@context\":\"https:\/\/schema.org\",\"@graph\":[{\"@type\":\"WebPage\",\"@id\":\"https:\/\/residenciasanjose.com\/wordpress\/salas-de-estar\/\",\"url\":\"https:\/\/residenciasanjose.com\/wordpress\/salas-de-estar\/\",\"name\":\"Residencia Universitaria SAN JOSE Unibertsitate Egoitza\",\"isPartOf\":{\"@id\":\"https:\/\/residenciasanjose.com\/wordpress\/#website\"},\"primaryImageOfPage\":{\"@id\":\"https:\/\/residenciasanjose.com\/wordpress\/salas-de-estar\/#primaryimage\"},\"image\":{\"@id\":\"https:\/\/residenciasanjose.com\/wordpress\/salas-de-estar\/#primaryimage\"},\"thumbnailUrl\":\"http:\/\/residenciasanjose.com\/wordpress\/wp-content\/uploads\/2011\/10\/Sala-estar-4-600x300.jpg\",\"datePublished\":\"2015-04-28T09:27:41+00:00\",\"dateModified\":\"2015-05-28T13:53:49+00:00\",\"description\":\"Mixta. La m\u00e1s grande del Campus. No es Religiosa. Comidas incluidas. La m\u00e1s econ\u00f3mica.\",\"breadcrumb\":{\"@id\":\"https:\/\/residenciasanjose.com\/wordpress\/salas-de-estar\/#breadcrumb\"},\"inLanguage\":\"es\",\"potentialAction\":[{\"@type\":\"ReadAction\",\"target\":[\"https:\/\/residenciasanjose.com\/wordpress\/salas-de-estar\/\"]}]},{\"@type\":\"ImageObject\",\"inLanguage\":\"es\",\"@id\":\"https:\/\/residenciasanjose.com\/wordpress\/salas-de-estar\/#primaryimage\",\"url\":\"https:\/\/residenciasanjose.com\/wordpress\/wp-content\/uploads\/2011\/10\/Sala-estar-4.jpg\",\"contentUrl\":\"https:\/\/residenciasanjose.com\/wordpress\/wp-content\/uploads\/2011\/10\/Sala-estar-4.jpg\",\"width\":\"2560\",\"height\":\"1920\"},{\"@type\":\"BreadcrumbList\",\"@id\":\"https:\/\/residenciasanjose.com\/wordpress\/salas-de-estar\/#breadcrumb\",\"itemListElement\":[{\"@type\":\"ListItem\",\"position\":1,\"name\":\"Portada\",\"item\":\"https:\/\/residenciasanjose.com\/wordpress\/\"},{\"@type\":\"ListItem\",\"position\":2,\"name\":\"Salas de Estar\"}]},{\"@type\":\"WebSite\",\"@id\":\"https:\/\/residenciasanjose.com\/wordpress\/#website\",\"url\":\"https:\/\/residenciasanjose.com\/wordpress\/\",\"name\":\"Residencia Univ. San Jos\u00e9 Univ. Egoitza\",\"description\":\"Residencia Universitaria en la ciudad de Vitoria. Residencia de estudiantes.\",\"potentialAction\":[{\"@type\":\"SearchAction\",\"target\":{\"@type\":\"EntryPoint\",\"urlTemplate\":\"https:\/\/residenciasanjose.com\/wordpress\/?s={search_term_string}\"},\"query-input\":{\"@type\":\"PropertyValueSpecification\",\"valueRequired\":true,\"valueName\":\"search_term_string\"}}],\"inLanguage\":\"es\"}]}<\/script>\n<!-- \/ Yoast SEO plugin. -->","yoast_head_json":{"title":"Residencia Universitaria SAN JOSE Unibertsitate Egoitza","description":"Mixta. La m\u00e1s grande del Campus. No es Religiosa. Comidas incluidas. La m\u00e1s econ\u00f3mica.","robots":{"index":"index","follow":"follow","max-snippet":"max-snippet:-1","max-image-preview":"max-image-preview:large","max-video-preview":"max-video-preview:-1"},"canonical":"https:\/\/residenciasanjose.com\/wordpress\/salas-de-estar\/","twitter_misc":{"Tiempo de lectura":"1 minuto"},"schema":{"@context":"https:\/\/schema.org","@graph":[{"@type":"WebPage","@id":"https:\/\/residenciasanjose.com\/wordpress\/salas-de-estar\/","url":"https:\/\/residenciasanjose.com\/wordpress\/salas-de-estar\/","name":"Residencia Universitaria SAN JOSE Unibertsitate Egoitza","isPartOf":{"@id":"https:\/\/residenciasanjose.com\/wordpress\/#website"},"primaryImageOfPage":{"@id":"https:\/\/residenciasanjose.com\/wordpress\/salas-de-estar\/#primaryimage"},"image":{"@id":"https:\/\/residenciasanjose.com\/wordpress\/salas-de-estar\/#primaryimage"},"thumbnailUrl":"http:\/\/residenciasanjose.com\/wordpress\/wp-content\/uploads\/2011\/10\/Sala-estar-4-600x300.jpg","datePublished":"2015-04-28T09:27:41+00:00","dateModified":"2015-05-28T13:53:49+00:00","description":"Mixta. La m\u00e1s grande del Campus. No es Religiosa. Comidas incluidas. La m\u00e1s econ\u00f3mica.","breadcrumb":{"@id":"https:\/\/residenciasanjose.com\/wordpress\/salas-de-estar\/#breadcrumb"},"inLanguage":"es","potentialAction":[{"@type":"ReadAction","target":["https:\/\/residenciasanjose.com\/wordpress\/salas-de-estar\/"]}]},{"@type":"ImageObject","inLanguage":"es","@id":"https:\/\/residenciasanjose.com\/wordpress\/salas-de-estar\/#primaryimage","url":"https:\/\/residenciasanjose.com\/wordpress\/wp-content\/uploads\/2011\/10\/Sala-estar-4.jpg","contentUrl":"https:\/\/residenciasanjose.com\/wordpress\/wp-content\/uploads\/2011\/10\/Sala-estar-4.jpg","width":"2560","height":"1920"},{"@type":"BreadcrumbList","@id":"https:\/\/residenciasanjose.com\/wordpress\/salas-de-estar\/#breadcrumb","itemListElement":[{"@type":"ListItem","position":1,"name":"Portada","item":"https:\/\/residenciasanjose.com\/wordpress\/"},{"@type":"ListItem","position":2,"name":"Salas de Estar"}]},{"@type":"WebSite","@id":"https:\/\/residenciasanjose.com\/wordpress\/#website","url":"https:\/\/residenciasanjose.com\/wordpress\/","name":"Residencia Univ. San Jos\u00e9 Univ. Egoitza","description":"Residencia Universitaria en la ciudad de Vitoria. Residencia de estudiantes.","potentialAction":[{"@type":"SearchAction","target":{"@type":"EntryPoint","urlTemplate":"https:\/\/residenciasanjose.com\/wordpress\/?s={search_term_string}"},"query-input":{"@type":"PropertyValueSpecification","valueRequired":true,"valueName":"search_term_string"}}],"inLanguage":"es"}]}},"_links":{"self":[{"href":"https:\/\/residenciasanjose.com\/wordpress\/wp-json\/wp\/v2\/pages\/3934","targetHints":{"allow":["GET"]}}],"collection":[{"href":"https:\/\/residenciasanjose.com\/wordpress\/wp-json\/wp\/v2\/pages"}],"about":[{"href":"https:\/\/residenciasanjose.com\/wordpress\/wp-json\/wp\/v2\/types\/page"}],"author":[{"embeddable":true,"href":"https:\/\/residenciasanjose.com\/wordpress\/wp-json\/wp\/v2\/users\/2"}],"replies":[{"embeddable":true,"href":"https:\/\/residenciasanjose.com\/wordpress\/wp-json\/wp\/v2\/comments?post=3934"}],"version-history":[{"count":4,"href":"https:\/\/residenciasanjose.com\/wordpress\/wp-json\/wp\/v2\/pages\/3934\/revisions"}],"predecessor-version":[{"id":4272,"href":"https:\/\/residenciasanjose.com\/wordpress\/wp-json\/wp\/v2\/pages\/3934\/revisions\/4272"}],"wp:attachment":[{"href":"https:\/\/residenciasanjose.com\/wordpress\/wp-json\/wp\/v2\/media?parent=3934"}],"curies":[{"name":"wp","href":"https:\/\/api.w.org\/{rel}","templated":true}]}}