{"id":3921,"date":"2015-04-28T09:04:38","date_gmt":"2015-04-28T09:04:38","guid":{"rendered":"http:\/\/residenciasanjose.com\/wordpress\/?page_id=3921"},"modified":"2015-05-28T13:42:02","modified_gmt":"2015-05-28T13:42:02","slug":"gimnasio","status":"publish","type":"page","link":"https:\/\/residenciasanjose.com\/wordpress\/gimnasio\/","title":{"rendered":"Gimnasio"},"content":{"rendered":"<div class=\"wpb-content-wrapper\">[vc_row][vc_column width=\u00bb1\/1&#8243;][vc_column_text]\n<h1 style=\"text-align: center;\"><span style=\"color: #0000ff;\">GIMNASIO<\/span><\/h1>\n[\/vc_column_text][\/vc_column][\/vc_row][vc_row][vc_column width=\u00bb1\/2&#8243;][vc_single_image image=\u00bb3922&#8243; alignment=\u00bbcenter\u00bb border_color=\u00bbgrey\u00bb img_link_large=\u00bb\u00bb img_link_target=\u00bb_self\u00bb img_size=\u00bbfull\u00bb][vc_single_image image=\u00bb3923&#8243; alignment=\u00bbcenter\u00bb border_color=\u00bbgrey\u00bb img_link_large=\u00bb\u00bb img_link_target=\u00bb_self\u00bb img_size=\u00bbfull\u00bb][\/vc_column][vc_column width=\u00bb1\/2&#8243;][vc_column_text css_animation=\u00bbleft-to-right\u00bb]\n<p>&nbsp;<\/p>\n<p>Para completar la oferta deportiva tenemos una sala de ejercicio dotada de m\u00e1quinas de gimnasio variadas. Esta sala est\u00e1 abierta tambi\u00e9n las 24 horas, y tampoco supone ning\u00fan cargo adicional.<\/p>\n<p>Tenemos m\u00e1quinas de todo tipo:<\/p>\n<ol>\n<li>Tres bicicletas est\u00e1ticas. Dos de ellas normales y una tercera con programas.<\/li>\n<li>Dos m\u00e1quinas de\u00a0masajes\u00a0oscilatorios por vibraci\u00f3n.<\/li>\n<li>Dos plataformas vibratorias profesionales.<\/li>\n<li>M\u00e1quina de step.<\/li>\n<li>Banco de pesas guiadas<\/li>\n<li>Banco de abdominales\/dorsales.<\/li>\n<li>Dos m\u00e1quinas de remo.<\/li>\n<li>Dos cintas de correr. Una manual y otra autom\u00e1tica.<\/li>\n<\/ol>\n<blockquote><p>Para los que quieran llevar a cabo la \u00aboperaci\u00f3n verano\u00bb, disponen de todo lo necesario.<\/p><\/blockquote>\n[\/vc_column_text][\/vc_column][\/vc_row]\n<\/div>","protected":false},"excerpt":{"rendered":"<p>[vc_row][vc_column width=\u00bb1\/1&#8243;][vc_column_text] GIMNASIO [\/vc_column_text][\/vc_column][\/vc_row][vc_row][vc_column width=\u00bb1\/2&#8243;][vc_single_image image=\u00bb3922&#8243; alignment=\u00bbcenter\u00bb border_color=\u00bbgrey\u00bb img_link_large=\u00bb\u00bb img_link_target=\u00bb_self\u00bb img_size=\u00bbfull\u00bb][vc_single_image image=\u00bb3923&#8243; alignment=\u00bbcenter\u00bb border_color=\u00bbgrey\u00bb img_link_large=\u00bb\u00bb img_link_target=\u00bb_self\u00bb img_size=\u00bbfull\u00bb][\/vc_column][vc_column width=\u00bb1\/2&#8243;][vc_column_text css_animation=\u00bbleft-to-right\u00bb] &nbsp; [&hellip;]<\/p>\n","protected":false},"author":2,"featured_media":0,"parent":0,"menu_order":0,"comment_status":"closed","ping_status":"open","template":"","meta":{"footnotes":""},"class_list":["post-3921","page","type-page","status-publish","hentry"],"yoast_head":"<!-- This site is optimized with the Yoast SEO plugin v27.6 - https:\/\/yoast.com\/product\/yoast-seo-wordpress\/ -->\n<title>Residencia Universitaria SAN JOSE Unibertsitate Egoitza<\/title>\n<meta name=\"description\" content=\"Mixta. La m\u00e1s grande del Campus. No es Religiosa. Comidas incluidas. La m\u00e1s econ\u00f3mica.\" \/>\n<meta name=\"robots\" content=\"index, follow, max-snippet:-1, max-image-preview:large, max-video-preview:-1\" \/>\n<link rel=\"canonical\" href=\"https:\/\/residenciasanjose.com\/wordpress\/gimnasio\/\" \/>\n<meta name=\"twitter:label1\" content=\"Tiempo de lectura\" \/>\n\t<meta name=\"twitter:data1\" content=\"1 minuto\" \/>\n<script type=\"application\/ld+json\" class=\"yoast-schema-graph\">{\"@context\":\"https:\\\/\\\/schema.org\",\"@graph\":[{\"@type\":\"WebPage\",\"@id\":\"https:\\\/\\\/residenciasanjose.com\\\/wordpress\\\/gimnasio\\\/\",\"url\":\"https:\\\/\\\/residenciasanjose.com\\\/wordpress\\\/gimnasio\\\/\",\"name\":\"Residencia Universitaria SAN JOSE Unibertsitate Egoitza\",\"isPartOf\":{\"@id\":\"https:\\\/\\\/residenciasanjose.com\\\/wordpress\\\/#website\"},\"datePublished\":\"2015-04-28T09:04:38+00:00\",\"dateModified\":\"2015-05-28T13:42:02+00:00\",\"description\":\"Mixta. La m\u00e1s grande del Campus. No es Religiosa. Comidas incluidas. La m\u00e1s econ\u00f3mica.\",\"breadcrumb\":{\"@id\":\"https:\\\/\\\/residenciasanjose.com\\\/wordpress\\\/gimnasio\\\/#breadcrumb\"},\"inLanguage\":\"es\",\"potentialAction\":[{\"@type\":\"ReadAction\",\"target\":[\"https:\\\/\\\/residenciasanjose.com\\\/wordpress\\\/gimnasio\\\/\"]}]},{\"@type\":\"BreadcrumbList\",\"@id\":\"https:\\\/\\\/residenciasanjose.com\\\/wordpress\\\/gimnasio\\\/#breadcrumb\",\"itemListElement\":[{\"@type\":\"ListItem\",\"position\":1,\"name\":\"Portada\",\"item\":\"https:\\\/\\\/residenciasanjose.com\\\/wordpress\\\/\"},{\"@type\":\"ListItem\",\"position\":2,\"name\":\"Gimnasio\"}]},{\"@type\":\"WebSite\",\"@id\":\"https:\\\/\\\/residenciasanjose.com\\\/wordpress\\\/#website\",\"url\":\"https:\\\/\\\/residenciasanjose.com\\\/wordpress\\\/\",\"name\":\"Residencia Univ. San Jos\u00e9 Univ. Egoitza\",\"description\":\"Residencia Universitaria en la ciudad de Vitoria. Residencia de estudiantes.\",\"potentialAction\":[{\"@type\":\"SearchAction\",\"target\":{\"@type\":\"EntryPoint\",\"urlTemplate\":\"https:\\\/\\\/residenciasanjose.com\\\/wordpress\\\/?s={search_term_string}\"},\"query-input\":{\"@type\":\"PropertyValueSpecification\",\"valueRequired\":true,\"valueName\":\"search_term_string\"}}],\"inLanguage\":\"es\"}]}<\/script>\n<!-- \/ Yoast SEO plugin. -->","yoast_head_json":{"title":"Residencia Universitaria SAN JOSE Unibertsitate Egoitza","description":"Mixta. La m\u00e1s grande del Campus. No es Religiosa. Comidas incluidas. La m\u00e1s econ\u00f3mica.","robots":{"index":"index","follow":"follow","max-snippet":"max-snippet:-1","max-image-preview":"max-image-preview:large","max-video-preview":"max-video-preview:-1"},"canonical":"https:\/\/residenciasanjose.com\/wordpress\/gimnasio\/","twitter_misc":{"Tiempo de lectura":"1 minuto"},"schema":{"@context":"https:\/\/schema.org","@graph":[{"@type":"WebPage","@id":"https:\/\/residenciasanjose.com\/wordpress\/gimnasio\/","url":"https:\/\/residenciasanjose.com\/wordpress\/gimnasio\/","name":"Residencia Universitaria SAN JOSE Unibertsitate Egoitza","isPartOf":{"@id":"https:\/\/residenciasanjose.com\/wordpress\/#website"},"datePublished":"2015-04-28T09:04:38+00:00","dateModified":"2015-05-28T13:42:02+00:00","description":"Mixta. La m\u00e1s grande del Campus. No es Religiosa. Comidas incluidas. La m\u00e1s econ\u00f3mica.","breadcrumb":{"@id":"https:\/\/residenciasanjose.com\/wordpress\/gimnasio\/#breadcrumb"},"inLanguage":"es","potentialAction":[{"@type":"ReadAction","target":["https:\/\/residenciasanjose.com\/wordpress\/gimnasio\/"]}]},{"@type":"BreadcrumbList","@id":"https:\/\/residenciasanjose.com\/wordpress\/gimnasio\/#breadcrumb","itemListElement":[{"@type":"ListItem","position":1,"name":"Portada","item":"https:\/\/residenciasanjose.com\/wordpress\/"},{"@type":"ListItem","position":2,"name":"Gimnasio"}]},{"@type":"WebSite","@id":"https:\/\/residenciasanjose.com\/wordpress\/#website","url":"https:\/\/residenciasanjose.com\/wordpress\/","name":"Residencia Univ. San Jos\u00e9 Univ. Egoitza","description":"Residencia Universitaria en la ciudad de Vitoria. Residencia de estudiantes.","potentialAction":[{"@type":"SearchAction","target":{"@type":"EntryPoint","urlTemplate":"https:\/\/residenciasanjose.com\/wordpress\/?s={search_term_string}"},"query-input":{"@type":"PropertyValueSpecification","valueRequired":true,"valueName":"search_term_string"}}],"inLanguage":"es"}]}},"_links":{"self":[{"href":"https:\/\/residenciasanjose.com\/wordpress\/wp-json\/wp\/v2\/pages\/3921","targetHints":{"allow":["GET"]}}],"collection":[{"href":"https:\/\/residenciasanjose.com\/wordpress\/wp-json\/wp\/v2\/pages"}],"about":[{"href":"https:\/\/residenciasanjose.com\/wordpress\/wp-json\/wp\/v2\/types\/page"}],"author":[{"embeddable":true,"href":"https:\/\/residenciasanjose.com\/wordpress\/wp-json\/wp\/v2\/users\/2"}],"replies":[{"embeddable":true,"href":"https:\/\/residenciasanjose.com\/wordpress\/wp-json\/wp\/v2\/comments?post=3921"}],"version-history":[{"count":3,"href":"https:\/\/residenciasanjose.com\/wordpress\/wp-json\/wp\/v2\/pages\/3921\/revisions"}],"predecessor-version":[{"id":4267,"href":"https:\/\/residenciasanjose.com\/wordpress\/wp-json\/wp\/v2\/pages\/3921\/revisions\/4267"}],"wp:attachment":[{"href":"https:\/\/residenciasanjose.com\/wordpress\/wp-json\/wp\/v2\/media?parent=3921"}],"curies":[{"name":"wp","href":"https:\/\/api.w.org\/{rel}","templated":true}]}}