{"id":3905,"date":"2015-04-28T07:47:25","date_gmt":"2015-04-28T07:47:25","guid":{"rendered":"http:\/\/residenciasanjose.com\/wordpress\/?page_id=3905"},"modified":"2015-05-28T14:05:43","modified_gmt":"2015-05-28T14:05:43","slug":"servicio-de-parking","status":"publish","type":"page","link":"https:\/\/residenciasanjose.com\/wordpress\/servicio-de-parking\/","title":{"rendered":"Servicio de PARKING"},"content":{"rendered":"<div class=\"wpb-content-wrapper\">[vc_row][vc_column width=\u00bb1\/1&#8243;][vc_column_text]\n<h1 style=\"text-align: center;\"><span style=\"color: #0000ff;\">SERVICIO \u00a0 \u00a0 \u00a0 DE \u00a0 \u00a0 \u00a0 \u00a0PARKING<\/span><\/h1>\n[\/vc_column_text][\/vc_column][\/vc_row][vc_row fullwidth=\u00bbyes\u00bb bg_type=\u00bbsolid_color\u00bb bg_repeat=\u00bbno-repeat\u00bb parallax=\u00bb\u00bb video_texture=\u00bb\u00bb fw_columns=\u00bb\u00bb fw_same_height=\u00bb\u00bb border=\u00bb\u00bb waved_border_top=\u00bb\u00bb waved_border_bottom=\u00bb\u00bb top_margin=\u00bb0&#8243; bottom_margin=\u00bb0&#8243;][vc_column width=\u00bb1\/1&#8243;][vc_single_image image=\u00bb3906&#8243; alignment=\u00bbcenter\u00bb border_color=\u00bbgrey\u00bb img_link_large=\u00bb\u00bb img_link_target=\u00bb_self\u00bb img_size=\u00bbfull\u00bb][\/vc_column][\/vc_row][vc_row][vc_column width=\u00bb1\/1&#8243;][vc_column_text]Somos conscientes, que al estar ubicados dentro del campus universitario y muy pr\u00f3ximos al centro de la ciudad, es una tarea casi imposible encontrar aparcamiento en los alrededores de la residencia.<\/p>\n<p>Para los coches, disponemos de un aparcamiento privado para la residencia. Este servicio no lleva cargo adicional. Los residentes que vengan de forma habitual en coche, pueden solicitarnos la asignaci\u00f3n de una plaza fija de aparcamiento.<\/p>\n<p>Las familias que necesiten aparcamiento de forma provisional para venir a traer\/recoger al residente a Vitoria, pueden solicitarnos el acceso al recinto y utilizar las plazas de tr\u00e1nsito numeradas de la 1 a la 7.<\/p>\n<p>El acceso al recinto se realiza por un sistema autom\u00e1tico de apertura de la puerta del parking con una llamada al tel\u00e9fono de la puerta.<\/p>\n<p>Explicamos el funcionamiento:<\/p>\n<ol>\n<ol>La familia nos tiene que solicitar, la autorizaci\u00f3n para un m\u00f3vil de la familia (m\u00f3vil de residente, del padre, madre&#8230;) para ser autorizado a abrir la puerta. S\u00f3lo se autorizar\u00e1 a un m\u00f3vil por familia. Dicha solicitud se efect\u00faa a trav\u00e9s de nuestra web, en el apartado \u00abAcceso al parking\u00bb, haciendo click en\u00a0<a href=\"http:\/\/residenciasanjose.com\/wordpress\/acceso-al-parking\" class=\"hb-button hb-default hb-small-button no-three-d hb-animate-element hb-bottom-to-top\" target=\"_blank\" style=\"-webkit-border-radius: 2px;-moz-border-radius: 2px;border-radius: 2px;\"><i class=\"hb-moon-car\"><\/i>ACCESO AL PARKING<\/a><\/ol>\n<\/ol>\n<ol>\n<li>Tras un per\u00edodo aproximado de 7 d\u00edas el m\u00f3vil solicitado estar\u00e1 autorizado.<\/li>\n<li>Desde el m\u00f3vil autorizado, se debe llamar al n\u00famero de la puerta 629 27 58 68. Se oir\u00e1n dos timbres de llamada y luego la se\u00f1al de n\u00famero ocupado. La puerta comenzar\u00e1 a abrirse. La llamada no tiene coste.<\/li>\n<li>La puerta se cierra autom\u00e1ticamente tras 20 segundos.<\/li>\n<li>La autorizaci\u00f3n estar\u00e1 vigente hasta la finalizaci\u00f3n del curso acad\u00e9mico. Esta autorizaci\u00f3n deber\u00e1 ser solicitada cada a\u00f1o.<\/li>\n<\/ol>\n<blockquote><p><strong>NO est\u00e1 permitida la apertura de esta puerta para acceso peatonal<\/strong><\/p><\/blockquote>\n[\/vc_column_text][\/vc_column][\/vc_row]\n<\/div>","protected":false},"excerpt":{"rendered":"<p>[vc_row][vc_column width=\u00bb1\/1&#8243;][vc_column_text] SERVICIO \u00a0 \u00a0 \u00a0 DE \u00a0 \u00a0 \u00a0 \u00a0PARKING [\/vc_column_text][\/vc_column][\/vc_row][vc_row fullwidth=\u00bbyes\u00bb bg_type=\u00bbsolid_color\u00bb bg_repeat=\u00bbno-repeat\u00bb parallax=\u00bb\u00bb video_texture=\u00bb\u00bb fw_columns=\u00bb\u00bb fw_same_height=\u00bb\u00bb border=\u00bb\u00bb [&hellip;]<\/p>\n","protected":false},"author":2,"featured_media":0,"parent":0,"menu_order":0,"comment_status":"closed","ping_status":"open","template":"","meta":{"footnotes":""},"class_list":["post-3905","page","type-page","status-publish","hentry"],"yoast_head":"<!-- This site is optimized with the Yoast SEO plugin v27.2 - https:\/\/yoast.com\/product\/yoast-seo-wordpress\/ -->\n<title>Residencia Universitaria SAN JOSE Unibertsitate Egoitza<\/title>\n<meta name=\"description\" content=\"Mixta. La m\u00e1s grande del Campus. No es Religiosa. Comidas incluidas. La m\u00e1s econ\u00f3mica.\" \/>\n<meta name=\"robots\" content=\"index, follow, max-snippet:-1, max-image-preview:large, max-video-preview:-1\" \/>\n<link rel=\"canonical\" href=\"https:\/\/residenciasanjose.com\/wordpress\/servicio-de-parking\/\" \/>\n<meta name=\"twitter:label1\" content=\"Tiempo de lectura\" \/>\n\t<meta name=\"twitter:data1\" content=\"2 minutos\" \/>\n<script type=\"application\/ld+json\" class=\"yoast-schema-graph\">{\"@context\":\"https:\/\/schema.org\",\"@graph\":[{\"@type\":\"WebPage\",\"@id\":\"https:\/\/residenciasanjose.com\/wordpress\/servicio-de-parking\/\",\"url\":\"https:\/\/residenciasanjose.com\/wordpress\/servicio-de-parking\/\",\"name\":\"Residencia Universitaria SAN JOSE Unibertsitate Egoitza\",\"isPartOf\":{\"@id\":\"https:\/\/residenciasanjose.com\/wordpress\/#website\"},\"datePublished\":\"2015-04-28T07:47:25+00:00\",\"dateModified\":\"2015-05-28T14:05:43+00:00\",\"description\":\"Mixta. La m\u00e1s grande del Campus. No es Religiosa. Comidas incluidas. La m\u00e1s econ\u00f3mica.\",\"breadcrumb\":{\"@id\":\"https:\/\/residenciasanjose.com\/wordpress\/servicio-de-parking\/#breadcrumb\"},\"inLanguage\":\"es\",\"potentialAction\":[{\"@type\":\"ReadAction\",\"target\":[\"https:\/\/residenciasanjose.com\/wordpress\/servicio-de-parking\/\"]}]},{\"@type\":\"BreadcrumbList\",\"@id\":\"https:\/\/residenciasanjose.com\/wordpress\/servicio-de-parking\/#breadcrumb\",\"itemListElement\":[{\"@type\":\"ListItem\",\"position\":1,\"name\":\"Portada\",\"item\":\"https:\/\/residenciasanjose.com\/wordpress\/\"},{\"@type\":\"ListItem\",\"position\":2,\"name\":\"Servicio de PARKING\"}]},{\"@type\":\"WebSite\",\"@id\":\"https:\/\/residenciasanjose.com\/wordpress\/#website\",\"url\":\"https:\/\/residenciasanjose.com\/wordpress\/\",\"name\":\"Residencia Univ. San Jos\u00e9 Univ. Egoitza\",\"description\":\"Residencia Universitaria en la ciudad de Vitoria. Residencia de estudiantes.\",\"potentialAction\":[{\"@type\":\"SearchAction\",\"target\":{\"@type\":\"EntryPoint\",\"urlTemplate\":\"https:\/\/residenciasanjose.com\/wordpress\/?s={search_term_string}\"},\"query-input\":{\"@type\":\"PropertyValueSpecification\",\"valueRequired\":true,\"valueName\":\"search_term_string\"}}],\"inLanguage\":\"es\"}]}<\/script>\n<!-- \/ Yoast SEO plugin. -->","yoast_head_json":{"title":"Residencia Universitaria SAN JOSE Unibertsitate Egoitza","description":"Mixta. La m\u00e1s grande del Campus. No es Religiosa. Comidas incluidas. La m\u00e1s econ\u00f3mica.","robots":{"index":"index","follow":"follow","max-snippet":"max-snippet:-1","max-image-preview":"max-image-preview:large","max-video-preview":"max-video-preview:-1"},"canonical":"https:\/\/residenciasanjose.com\/wordpress\/servicio-de-parking\/","twitter_misc":{"Tiempo de lectura":"2 minutos"},"schema":{"@context":"https:\/\/schema.org","@graph":[{"@type":"WebPage","@id":"https:\/\/residenciasanjose.com\/wordpress\/servicio-de-parking\/","url":"https:\/\/residenciasanjose.com\/wordpress\/servicio-de-parking\/","name":"Residencia Universitaria SAN JOSE Unibertsitate Egoitza","isPartOf":{"@id":"https:\/\/residenciasanjose.com\/wordpress\/#website"},"datePublished":"2015-04-28T07:47:25+00:00","dateModified":"2015-05-28T14:05:43+00:00","description":"Mixta. La m\u00e1s grande del Campus. No es Religiosa. Comidas incluidas. La m\u00e1s econ\u00f3mica.","breadcrumb":{"@id":"https:\/\/residenciasanjose.com\/wordpress\/servicio-de-parking\/#breadcrumb"},"inLanguage":"es","potentialAction":[{"@type":"ReadAction","target":["https:\/\/residenciasanjose.com\/wordpress\/servicio-de-parking\/"]}]},{"@type":"BreadcrumbList","@id":"https:\/\/residenciasanjose.com\/wordpress\/servicio-de-parking\/#breadcrumb","itemListElement":[{"@type":"ListItem","position":1,"name":"Portada","item":"https:\/\/residenciasanjose.com\/wordpress\/"},{"@type":"ListItem","position":2,"name":"Servicio de PARKING"}]},{"@type":"WebSite","@id":"https:\/\/residenciasanjose.com\/wordpress\/#website","url":"https:\/\/residenciasanjose.com\/wordpress\/","name":"Residencia Univ. San Jos\u00e9 Univ. Egoitza","description":"Residencia Universitaria en la ciudad de Vitoria. Residencia de estudiantes.","potentialAction":[{"@type":"SearchAction","target":{"@type":"EntryPoint","urlTemplate":"https:\/\/residenciasanjose.com\/wordpress\/?s={search_term_string}"},"query-input":{"@type":"PropertyValueSpecification","valueRequired":true,"valueName":"search_term_string"}}],"inLanguage":"es"}]}},"_links":{"self":[{"href":"https:\/\/residenciasanjose.com\/wordpress\/wp-json\/wp\/v2\/pages\/3905","targetHints":{"allow":["GET"]}}],"collection":[{"href":"https:\/\/residenciasanjose.com\/wordpress\/wp-json\/wp\/v2\/pages"}],"about":[{"href":"https:\/\/residenciasanjose.com\/wordpress\/wp-json\/wp\/v2\/types\/page"}],"author":[{"embeddable":true,"href":"https:\/\/residenciasanjose.com\/wordpress\/wp-json\/wp\/v2\/users\/2"}],"replies":[{"embeddable":true,"href":"https:\/\/residenciasanjose.com\/wordpress\/wp-json\/wp\/v2\/comments?post=3905"}],"version-history":[{"count":8,"href":"https:\/\/residenciasanjose.com\/wordpress\/wp-json\/wp\/v2\/pages\/3905\/revisions"}],"predecessor-version":[{"id":4277,"href":"https:\/\/residenciasanjose.com\/wordpress\/wp-json\/wp\/v2\/pages\/3905\/revisions\/4277"}],"wp:attachment":[{"href":"https:\/\/residenciasanjose.com\/wordpress\/wp-json\/wp\/v2\/media?parent=3905"}],"curies":[{"name":"wp","href":"https:\/\/api.w.org\/{rel}","templated":true}]}}