{"id":3865,"date":"2015-04-27T18:31:34","date_gmt":"2015-04-27T18:31:34","guid":{"rendered":"http:\/\/residenciasanjose.com\/wordpress\/?page_id=3865"},"modified":"2025-12-18T10:56:03","modified_gmt":"2025-12-18T10:56:03","slug":"tarifa-de-precios","status":"publish","type":"page","link":"https:\/\/residenciasanjose.com\/wordpress\/tarifa-de-precios\/","title":{"rendered":"TARIFA DE PRECIOS"},"content":{"rendered":"<div class=\"wpb-content-wrapper\">[vc_row][vc_column][vc_column_text css=\u00bb\u00bb]\n<h1 style=\"text-align: center;\"><span style=\"color: #0000ff;\">TARIFA DE PRECIOS CURSO 2026-27<\/span><\/h1>\n<h3>Estamos orgullosos de poder ofertar la mejor relaci\u00f3n calidad-precio de toda la ciudad. Si nos comparan con cualquier alojamiento de la ciudad, ya sea residencia o piso alquilado, saquen la calculadora y ver\u00e1n que somos la opci\u00f3n m\u00e1s rentable.<\/h3>\n<div>\u00a0Precios mensuales por persona con <strong>Pensi\u00f3n Completa incluida<\/strong>.<\/div>\n<h3>\u00a0Tambi\u00e9n est\u00e1 incluido en el precio: Agua fr\u00eda, agua caliente, electricidad, Internet, parking de bicis, gimnasio, sala de baile, terraza, ludoteca y mucho m\u00e1s.<\/h3>\n<h3>Estancia m\u00ednima: Curso completo. 10 meses de Septiembre a Junio ambos incluidos<\/h3>\n<h3><strong>\u00a0A estos precios se les debe a\u00f1adir el I.V.A. (10%)<\/strong><\/h3>\n<address>No se cobra ninguna cantidad en concepto de matr\u00edcula.<\/address>\n<ul>\n<li><strong><span style=\"text-decoration: underline;\">FORMA DE PAGO.<\/span><\/strong><\/li>\n<\/ul>\n<p style=\"padding-left: 60px;\"><em><span style=\"text-decoration: underline;\">Pago mensual con fianza de 2 mensualidades.<\/span><\/em><\/p>\n<p style=\"padding-left: 90px;\">Las mensualidades se abonar\u00e1n entre el d\u00eda 1 y 3 de cada mes a trav\u00e9s de domiciliaci\u00f3n bancaria con cargo a la cuenta que indique el residente.<\/p>\n[\/vc_column_text][\/vc_column][\/vc_row][vc_row][vc_column width=\u00bb1\/3&#8243;]<div class=\"hb-pricing-table-wrapper pricing-colored columns-1 clearfix hb-animate-element hb-scale-up\"><div class=\"hb-pricing-item\"><span class=\"hb-pricing-ribbon alt\">ECONOMICO<\/span><div class=\"pricing-table-price\" style=\"background:#4bf030;\">536,00 \u20ac<span>\/ mensual + 10% IVA<\/span><\/div><div class=\"pricing-table-caption\" style=\"background:#4bf030;\">HAB. DOBLE PLANTA 1<\/div><div class=\"pricing-table-content\">[vc_single_image image=\"3877\" alignment=\"center\" border_color=\"grey\" img_link_large=\"\" img_link_target=\"_self\" img_size=\"full\" css_animation=\"left-to-right\"]<div class=\"shortcode-wrapper shortcode-list clearfix\"><ul class=\"hb-ul-list\">\r\n<li><i class=\"icon-ok\" style=\"color:#3de622\"><\/i>COMIDAS INCLUIDAS<\/li>\r\n<li><i class=\"icon-ok\" style=\"color:#3de622\"><\/i>Hab. m\u00e1s econ\u00f3mica<\/li><li><i class=\"icon-ok\" style=\"color:#3de622\"><\/i>Orientaci\u00f3nes Sur y Oeste<\/li>\r\n<li><i class=\"icon-ok\" style=\"color:#3de622\"><\/i>Frigor\u00edfico<\/li><li><i class=\"icon-ok\" style=\"color:#3de622\"><\/i>Televisi\u00f3n - TV<\/li><li><i class=\"icon-ok\" style=\"color:#3de622\"><\/i>Internet Standard<\/li><\/ul><\/div><\/div><\/div><\/div>[\/vc_column][vc_column width=\u00bb1\/3&#8243;]<div class=\"hb-pricing-table-wrapper pricing-colored columns-1 clearfix hb-animate-element hb-scale-up\"><div class=\"hb-pricing-item\"><span class=\"hb-pricing-ribbon\">AMPLIAS<\/span><div class=\"pricing-table-price\" style=\"background:#4bf030;\">566,00 \u20ac<span>\/ mensual + 10% IVA<\/span><\/div><div class=\"pricing-table-caption\" style=\"background:#4bf030;\">Hab. Doble Planta 0<\/div><div class=\"pricing-table-content\">[vc_single_image image=\"3876\" alignment=\"center\" border_color=\"grey\" img_link_large=\"\" img_link_target=\"_self\" img_size=\"full\" css_animation=\"left-to-right\"]<div class=\"shortcode-wrapper shortcode-list clearfix\"><ul class=\"hb-ul-list\">\r\n<li><i class=\"icon-ok\" style=\"color:#3de622\"><\/i>COMIDAS INCLUIDAS<\/li>\r\n<li><i class=\"icon-ok\" style=\"color:#3de622\"><\/i>Habs. m\u00e1s amplias<\/li><li><i class=\"icon-ok\" style=\"color:#3de622\"><\/i>Orientaci\u00f3n Este<\/li><li><i class=\"icon-ok\" style=\"color:#3de622\"><\/i>Sin escaleras<\/li><li><i class=\"icon-ok\" style=\"color:#3de622\"><\/i>La zona m\u00e1s amplia y luminosa<\/li>\r\n<li><i class=\"icon-ok\" style=\"color:#3de622\"><\/i>Frigor\u00edfico<\/li><li><i class=\"icon-ok\" style=\"color:#3de622\"><\/i>Televisi\u00f3n - TV<\/li><li><i class=\"icon-ok\" style=\"color:#3de622\"><\/i>Internet Standard<\/li><\/ul><\/div><\/div><\/div><\/div>[\/vc_column][vc_column width=\u00bb1\/3&#8243;]<div class=\"hb-pricing-table-wrapper pricing-colored columns-1 clearfix hb-animate-element hb-scale-up\"><div class=\"hb-pricing-item\"><span class=\"hb-pricing-ribbon\">LUJO<\/span><div class=\"pricing-table-price\" style=\"background:#4bf030;\">613,00 \u20ac<span>\/ mensual + 10% IVA<\/span><\/div><div class=\"pricing-table-caption\" style=\"background:#4bf030;\">Hab. Indiv. - Sala Privada<\/div><div class=\"pricing-table-content\">[vc_single_image image=\"3878\" alignment=\"center\" border_color=\"grey\" img_link_large=\"\" img_link_target=\"_self\" img_size=\"full\" css_animation=\"left-to-right\"]<div class=\"shortcode-wrapper shortcode-list clearfix\"><ul class=\"hb-ul-list\">\r\n<li><i class=\"icon-ok\" style=\"color:#3de622\"><\/i>COMIDAS INCLUIDAS<\/li>\r\n<li><i class=\"icon-ok\" style=\"color:#3de622\"><\/i>BA\u00d1O EN SALA PRIVADA<\/li><li><i class=\"icon-ok\" style=\"color:#3de622\"><\/i>SALA PRIVADA de 30m<\/li><li><i class=\"icon-ok\" style=\"color:#3de622\"><\/i>Orientaci\u00f3n Sur<\/li><li><i class=\"icon-ok\" style=\"color:#3de622\"><\/i>Sin escaleras<\/li><li><i class=\"icon-ok\" style=\"color:#3de622\"><\/i>La zona m\u00e1s amplia y luminosa<\/li>\r\n<li><i class=\"icon-ok\" style=\"color:#3de622\"><\/i>Frigor\u00edfico<\/li><li><i class=\"icon-ok\" style=\"color:#3de622\"><\/i>Televisi\u00f3n - TV<\/li><li><i class=\"icon-ok\" style=\"color:#3de622\"><\/i>Internet Standard<\/li><\/ul><\/div><\/div><\/div><\/div>[\/vc_column][\/vc_row][vc_row][vc_column width=\u00bb1\/3&#8243;]<div class=\"hb-pricing-table-wrapper pricing-colored columns-1 clearfix hb-animate-element hb-scale-up\"><div class=\"hb-pricing-item\"><span class=\"hb-pricing-ribbon alt\">COMODIDAD<\/span><div class=\"pricing-table-price\" style=\"background:#4bf030;\">605,00 \u20ac<span>\/ mensual + 10% IVA<\/span><\/div><div class=\"pricing-table-caption\" style=\"background:#4bf030;\">Hab Doble Ba\u00f1o Completo<\/div><div class=\"pricing-table-content\">[vc_single_image image=\"3879\" alignment=\"center\" border_color=\"grey\" img_link_large=\"\" img_link_target=\"_self\" img_size=\"full\" css_animation=\"left-to-right\"]<div class=\"shortcode-wrapper shortcode-list clearfix\"><ul class=\"hb-ul-list\">\r\n<li><i class=\"icon-ok\" style=\"color:#3de622\"><\/i>COMIDAS INCLUIDAS<\/li>\r\n<li><i class=\"icon-ok\" style=\"color:#3de622\"><\/i>BA\u00d1O COMPLETO<\/li><li><i class=\"icon-ok\" style=\"color:#3de622\"><\/i>Orientaci\u00f3n Este<\/li><li><i class=\"icon-ok\" style=\"color:#3de622\"><\/i>Sin escaleras<\/li><li><i class=\"icon-ok\" style=\"color:#3de622\"><\/i>La zona m\u00e1s amplia y luminosa<\/li>\r\n<li><i class=\"icon-ok\" style=\"color:#3de622\"><\/i>Frigor\u00edfico<\/li><li><i class=\"icon-ok\" style=\"color:#3de622\"><\/i>Televisi\u00f3n - TV<\/li><li><i class=\"icon-ok\" style=\"color:#3de622\"><\/i>Internet Standard<\/li><\/ul><\/div><\/div><\/div><\/div>[\/vc_column][vc_column width=\u00bb1\/3&#8243;]<div class=\"hb-pricing-table-wrapper pricing-colored columns-1 clearfix hb-animate-element hb-scale-up\"><div class=\"hb-pricing-item\"><div class=\"pricing-table-price\" style=\"background:#4bf030;\">575,00 \u20ac<span>\/ mensual + 10% IVA<\/span><\/div><div class=\"pricing-table-caption\" style=\"background:#4bf030;\">Hab. Individual Planta 1<\/div><div class=\"pricing-table-content\">[vc_single_image image=\"3880\" alignment=\"center\" border_color=\"grey\" img_link_large=\"\" img_link_target=\"_self\" img_size=\"full\" css_animation=\"left-to-right\"]<div class=\"shortcode-wrapper shortcode-list clearfix\"><ul class=\"hb-ul-list\">\r\n<li><i class=\"icon-ok\" style=\"color:#3de622\"><\/i>COMIDAS INCLUIDAS<\/li>\r\n<li><i class=\"icon-ok\" style=\"color:#3de622\"><\/i>Total Independencia.<\/li><li><i class=\"icon-ok\" style=\"color:#3de622\"><\/i>Todas las Orientaciones<\/li><li><i class=\"icon-ok\" style=\"color:#3de622\"><\/i>Televisi\u00f3n - TV<\/li><li><i class=\"icon-ok\" style=\"color:#3de622\"><\/i>Internet Standard<\/li><\/ul><\/div><\/div><\/div><\/div>[\/vc_column][vc_column width=\u00bb1\/3&#8243;][\/vc_column][\/vc_row]\n<\/div>","protected":false},"excerpt":{"rendered":"<p>[vc_row][vc_column][vc_column_text css=\u00bb\u00bb] TARIFA DE PRECIOS CURSO 2026-27 Estamos orgullosos de poder ofertar la mejor relaci\u00f3n calidad-precio de toda la ciudad. [&hellip;]<\/p>\n","protected":false},"author":2,"featured_media":0,"parent":0,"menu_order":0,"comment_status":"closed","ping_status":"open","template":"","meta":{"footnotes":""},"class_list":["post-3865","page","type-page","status-publish","hentry"],"yoast_head":"<!-- This site is optimized with the Yoast SEO plugin v27.4 - https:\/\/yoast.com\/product\/yoast-seo-wordpress\/ -->\n<title>Residencia Universitaria SAN JOSE Unibertsitate Egoitza<\/title>\n<meta name=\"description\" content=\"Mixta. La m\u00e1s grande del Campus. No es Religiosa. Comidas incluidas. La m\u00e1s econ\u00f3mica.\" \/>\n<meta name=\"robots\" content=\"index, follow, max-snippet:-1, max-image-preview:large, max-video-preview:-1\" \/>\n<link rel=\"canonical\" href=\"https:\/\/residenciasanjose.com\/wordpress\/tarifa-de-precios\/\" \/>\n<meta name=\"twitter:label1\" content=\"Tiempo de lectura\" \/>\n\t<meta name=\"twitter:data1\" content=\"1 minuto\" \/>\n<script type=\"application\/ld+json\" class=\"yoast-schema-graph\">{\"@context\":\"https:\\\/\\\/schema.org\",\"@graph\":[{\"@type\":\"WebPage\",\"@id\":\"https:\\\/\\\/residenciasanjose.com\\\/wordpress\\\/tarifa-de-precios\\\/\",\"url\":\"https:\\\/\\\/residenciasanjose.com\\\/wordpress\\\/tarifa-de-precios\\\/\",\"name\":\"Residencia Universitaria SAN JOSE Unibertsitate Egoitza\",\"isPartOf\":{\"@id\":\"https:\\\/\\\/residenciasanjose.com\\\/wordpress\\\/#website\"},\"datePublished\":\"2015-04-27T18:31:34+00:00\",\"dateModified\":\"2025-12-18T10:56:03+00:00\",\"description\":\"Mixta. La m\u00e1s grande del Campus. No es Religiosa. Comidas incluidas. La m\u00e1s econ\u00f3mica.\",\"breadcrumb\":{\"@id\":\"https:\\\/\\\/residenciasanjose.com\\\/wordpress\\\/tarifa-de-precios\\\/#breadcrumb\"},\"inLanguage\":\"es\",\"potentialAction\":[{\"@type\":\"ReadAction\",\"target\":[\"https:\\\/\\\/residenciasanjose.com\\\/wordpress\\\/tarifa-de-precios\\\/\"]}]},{\"@type\":\"BreadcrumbList\",\"@id\":\"https:\\\/\\\/residenciasanjose.com\\\/wordpress\\\/tarifa-de-precios\\\/#breadcrumb\",\"itemListElement\":[{\"@type\":\"ListItem\",\"position\":1,\"name\":\"Portada\",\"item\":\"https:\\\/\\\/residenciasanjose.com\\\/wordpress\\\/\"},{\"@type\":\"ListItem\",\"position\":2,\"name\":\"TARIFA DE PRECIOS\"}]},{\"@type\":\"WebSite\",\"@id\":\"https:\\\/\\\/residenciasanjose.com\\\/wordpress\\\/#website\",\"url\":\"https:\\\/\\\/residenciasanjose.com\\\/wordpress\\\/\",\"name\":\"Residencia Univ. San Jos\u00e9 Univ. Egoitza\",\"description\":\"Residencia Universitaria en la ciudad de Vitoria. Residencia de estudiantes.\",\"potentialAction\":[{\"@type\":\"SearchAction\",\"target\":{\"@type\":\"EntryPoint\",\"urlTemplate\":\"https:\\\/\\\/residenciasanjose.com\\\/wordpress\\\/?s={search_term_string}\"},\"query-input\":{\"@type\":\"PropertyValueSpecification\",\"valueRequired\":true,\"valueName\":\"search_term_string\"}}],\"inLanguage\":\"es\"}]}<\/script>\n<!-- \/ Yoast SEO plugin. -->","yoast_head_json":{"title":"Residencia Universitaria SAN JOSE Unibertsitate Egoitza","description":"Mixta. La m\u00e1s grande del Campus. No es Religiosa. Comidas incluidas. La m\u00e1s econ\u00f3mica.","robots":{"index":"index","follow":"follow","max-snippet":"max-snippet:-1","max-image-preview":"max-image-preview:large","max-video-preview":"max-video-preview:-1"},"canonical":"https:\/\/residenciasanjose.com\/wordpress\/tarifa-de-precios\/","twitter_misc":{"Tiempo de lectura":"1 minuto"},"schema":{"@context":"https:\/\/schema.org","@graph":[{"@type":"WebPage","@id":"https:\/\/residenciasanjose.com\/wordpress\/tarifa-de-precios\/","url":"https:\/\/residenciasanjose.com\/wordpress\/tarifa-de-precios\/","name":"Residencia Universitaria SAN JOSE Unibertsitate Egoitza","isPartOf":{"@id":"https:\/\/residenciasanjose.com\/wordpress\/#website"},"datePublished":"2015-04-27T18:31:34+00:00","dateModified":"2025-12-18T10:56:03+00:00","description":"Mixta. La m\u00e1s grande del Campus. No es Religiosa. Comidas incluidas. La m\u00e1s econ\u00f3mica.","breadcrumb":{"@id":"https:\/\/residenciasanjose.com\/wordpress\/tarifa-de-precios\/#breadcrumb"},"inLanguage":"es","potentialAction":[{"@type":"ReadAction","target":["https:\/\/residenciasanjose.com\/wordpress\/tarifa-de-precios\/"]}]},{"@type":"BreadcrumbList","@id":"https:\/\/residenciasanjose.com\/wordpress\/tarifa-de-precios\/#breadcrumb","itemListElement":[{"@type":"ListItem","position":1,"name":"Portada","item":"https:\/\/residenciasanjose.com\/wordpress\/"},{"@type":"ListItem","position":2,"name":"TARIFA DE PRECIOS"}]},{"@type":"WebSite","@id":"https:\/\/residenciasanjose.com\/wordpress\/#website","url":"https:\/\/residenciasanjose.com\/wordpress\/","name":"Residencia Univ. San Jos\u00e9 Univ. Egoitza","description":"Residencia Universitaria en la ciudad de Vitoria. Residencia de estudiantes.","potentialAction":[{"@type":"SearchAction","target":{"@type":"EntryPoint","urlTemplate":"https:\/\/residenciasanjose.com\/wordpress\/?s={search_term_string}"},"query-input":{"@type":"PropertyValueSpecification","valueRequired":true,"valueName":"search_term_string"}}],"inLanguage":"es"}]}},"_links":{"self":[{"href":"https:\/\/residenciasanjose.com\/wordpress\/wp-json\/wp\/v2\/pages\/3865","targetHints":{"allow":["GET"]}}],"collection":[{"href":"https:\/\/residenciasanjose.com\/wordpress\/wp-json\/wp\/v2\/pages"}],"about":[{"href":"https:\/\/residenciasanjose.com\/wordpress\/wp-json\/wp\/v2\/types\/page"}],"author":[{"embeddable":true,"href":"https:\/\/residenciasanjose.com\/wordpress\/wp-json\/wp\/v2\/users\/2"}],"replies":[{"embeddable":true,"href":"https:\/\/residenciasanjose.com\/wordpress\/wp-json\/wp\/v2\/comments?post=3865"}],"version-history":[{"count":21,"href":"https:\/\/residenciasanjose.com\/wordpress\/wp-json\/wp\/v2\/pages\/3865\/revisions"}],"predecessor-version":[{"id":4866,"href":"https:\/\/residenciasanjose.com\/wordpress\/wp-json\/wp\/v2\/pages\/3865\/revisions\/4866"}],"wp:attachment":[{"href":"https:\/\/residenciasanjose.com\/wordpress\/wp-json\/wp\/v2\/media?parent=3865"}],"curies":[{"name":"wp","href":"https:\/\/api.w.org\/{rel}","templated":true}]}}