{"id":3740,"date":"2015-04-27T12:08:53","date_gmt":"2015-04-27T12:08:53","guid":{"rendered":"http:\/\/residenciasanjose.com\/wordpress\/?page_id=3740"},"modified":"2015-05-28T09:27:21","modified_gmt":"2015-05-28T09:27:21","slug":"habitacion-doble-bano-completo","status":"publish","type":"page","link":"https:\/\/residenciasanjose.com\/wordpress\/habitacion-doble-bano-completo\/","title":{"rendered":"Habitaci\u00f3n doble ba\u00f1o completo"},"content":{"rendered":"<div class=\"wpb-content-wrapper\">[vc_row][vc_column][vc_column_text]\n<h1 style=\"text-align: center;\"><span style=\"color: #0000ff;\">HABITACI\u00d3N DOBLE CON BA\u00d1O COMPLETO<\/span><\/h1>\n[\/vc_column_text][\/vc_column][\/vc_row][vc_row][vc_column width=\u00bb1\/3&#8243;]<div class=\"hb-box-frame  \"><span><a><img loading=\"lazy\" decoding=\"async\" src=\"https:\/\/residenciasanjose.com\/wordpress\/wp-content\/uploads\/2011\/10\/Hab-doble-0-79.jpg\" width=\"372\" height=\"182\" alt=\"Image\"\/><\/a><\/span><\/div>[\/vc_column][vc_column width=\u00bb1\/3&#8243;]<div class=\"shortcode-wrapper shortcode-content-box clearfix\"><div class=\"hb-box-cont\"><div class=\"hb-box-cont-body\">\n<pre>Amplia y c\u00f3moda habitaci\u00f3n que comparten dos residentes.<\/pre>\n<pre>Tienen ba\u00f1o completo dentro de la habitaci\u00f3n. Cuentan con un bonito lavabo, espejo y mueble de lavabo para los objetos de higiene y aseo. Incluye tambi\u00e9n inodoro y cabina de ducha.<\/pre>\n<\/div><\/div><\/div>[\/vc_column][vc_column width=\u00bb1\/3&#8243;]<div class=\"hb-box-frame  \"><span><a><img loading=\"lazy\" decoding=\"async\" src=\"https:\/\/residenciasanjose.com\/wordpress\/wp-content\/uploads\/2011\/10\/Hab-dob-0-61.jpg\" width=\"377\" height=\"200\" alt=\"Image\"\/><\/a><\/span><\/div>[\/vc_column][\/vc_row][vc_row][vc_column width=\u00bb1\/1&#8243;][vc_column_text]Estas habitaciones tienen la ventaja de tener el ba\u00f1o completo dentro de la habitaci\u00f3n, pero tienen el inconveniente de que son los propios residentes, los que deben limpiarlo y mantenerlo (papel higi\u00e9nico, lej\u00eda&#8230;.). O bien pagar los suplementos de limpiezas.<\/p>\n<p>Todas son habitaciones de un cierto tama\u00f1o que var\u00eda entre los 20 y los 24 metros cuadrados construidos. Todas estas habitaciones tienen orientaci\u00f3n Este.<\/p>\n<p>En este tipo de habitaci\u00f3n, el frigor\u00edfico viene ya incluido en el mobiliario de la habitaci\u00f3n sin suplemento de ning\u00fan tipo.<\/p>\n<p>Todas las habitaciones tienen sus mesas de estudio con sus l\u00e1mparas y sus sillas. Tambi\u00e9n tienen tel\u00e9fono conectado a la centralita digital de la residencia. Las llamadas internas entre habitaciones no llevan coste alguno. Todas las habitaciones tienen Televisi\u00f3n, TDT y mandos a distancia. Un hermoso armario para cada residente y por supuesto un hermoso ventanal.<\/p>\n<p>Aqu\u00ed van alguna fotos. Pinche sobre cada foto para verla m\u00e1s grande:[\/vc_column_text][\/vc_column][\/vc_row][vc_row][vc_column width=\u00bb1\/1&#8243;][vc_gallery type=\u00bbimage_grid\u00bb interval=\u00bb10&#8243; images=\u00bb1107,1106,1105,1104,1108&#8243; onclick=\u00bblink_image\u00bb custom_links_target=\u00bb_self\u00bb][vc_gallery type=\u00bbimage_grid\u00bb interval=\u00bb10&#8243; images=\u00bb1109,1101,1102,1103&#8243; onclick=\u00bblink_image\u00bb custom_links_target=\u00bb_self\u00bb][\/vc_column][\/vc_row]\n<\/div>","protected":false},"excerpt":{"rendered":"<p>[vc_row][vc_column][vc_column_text] HABITACI\u00d3N DOBLE CON BA\u00d1O COMPLETO [\/vc_column_text][\/vc_column][\/vc_row][vc_row][vc_column width=\u00bb1\/3&#8243;][\/vc_column][vc_column width=\u00bb1\/3&#8243;][\/vc_column][vc_column width=\u00bb1\/3&#8243;][\/vc_column][\/vc_row][vc_row][vc_column width=\u00bb1\/1&#8243;][vc_column_text]Estas habitaciones tienen la ventaja de tener el ba\u00f1o completo [&hellip;]<\/p>\n","protected":false},"author":2,"featured_media":0,"parent":0,"menu_order":0,"comment_status":"closed","ping_status":"open","template":"","meta":{"footnotes":""},"class_list":["post-3740","page","type-page","status-publish","hentry"],"yoast_head":"<!-- This site is optimized with the Yoast SEO plugin v27.5 - https:\/\/yoast.com\/product\/yoast-seo-wordpress\/ -->\n<title>Residencia Universitaria SAN JOSE Unibertsitate Egoitza<\/title>\n<meta name=\"description\" content=\"Mixta. La m\u00e1s grande del Campus. No es Religiosa. Comidas incluidas. La m\u00e1s econ\u00f3mica.\" \/>\n<meta name=\"robots\" content=\"index, follow, max-snippet:-1, max-image-preview:large, max-video-preview:-1\" \/>\n<link rel=\"canonical\" href=\"https:\/\/residenciasanjose.com\/wordpress\/habitacion-doble-bano-completo\/\" \/>\n<meta name=\"twitter:label1\" content=\"Tiempo de lectura\" \/>\n\t<meta name=\"twitter:data1\" content=\"2 minutos\" \/>\n<script type=\"application\/ld+json\" class=\"yoast-schema-graph\">{\"@context\":\"https:\\\/\\\/schema.org\",\"@graph\":[{\"@type\":\"WebPage\",\"@id\":\"https:\\\/\\\/residenciasanjose.com\\\/wordpress\\\/habitacion-doble-bano-completo\\\/\",\"url\":\"https:\\\/\\\/residenciasanjose.com\\\/wordpress\\\/habitacion-doble-bano-completo\\\/\",\"name\":\"Residencia Universitaria SAN JOSE Unibertsitate Egoitza\",\"isPartOf\":{\"@id\":\"https:\\\/\\\/residenciasanjose.com\\\/wordpress\\\/#website\"},\"datePublished\":\"2015-04-27T12:08:53+00:00\",\"dateModified\":\"2015-05-28T09:27:21+00:00\",\"description\":\"Mixta. La m\u00e1s grande del Campus. No es Religiosa. Comidas incluidas. La m\u00e1s econ\u00f3mica.\",\"breadcrumb\":{\"@id\":\"https:\\\/\\\/residenciasanjose.com\\\/wordpress\\\/habitacion-doble-bano-completo\\\/#breadcrumb\"},\"inLanguage\":\"es\",\"potentialAction\":[{\"@type\":\"ReadAction\",\"target\":[\"https:\\\/\\\/residenciasanjose.com\\\/wordpress\\\/habitacion-doble-bano-completo\\\/\"]}]},{\"@type\":\"BreadcrumbList\",\"@id\":\"https:\\\/\\\/residenciasanjose.com\\\/wordpress\\\/habitacion-doble-bano-completo\\\/#breadcrumb\",\"itemListElement\":[{\"@type\":\"ListItem\",\"position\":1,\"name\":\"Portada\",\"item\":\"https:\\\/\\\/residenciasanjose.com\\\/wordpress\\\/\"},{\"@type\":\"ListItem\",\"position\":2,\"name\":\"Habitaci\u00f3n doble ba\u00f1o completo\"}]},{\"@type\":\"WebSite\",\"@id\":\"https:\\\/\\\/residenciasanjose.com\\\/wordpress\\\/#website\",\"url\":\"https:\\\/\\\/residenciasanjose.com\\\/wordpress\\\/\",\"name\":\"Residencia Univ. San Jos\u00e9 Univ. Egoitza\",\"description\":\"Residencia Universitaria en la ciudad de Vitoria. Residencia de estudiantes.\",\"potentialAction\":[{\"@type\":\"SearchAction\",\"target\":{\"@type\":\"EntryPoint\",\"urlTemplate\":\"https:\\\/\\\/residenciasanjose.com\\\/wordpress\\\/?s={search_term_string}\"},\"query-input\":{\"@type\":\"PropertyValueSpecification\",\"valueRequired\":true,\"valueName\":\"search_term_string\"}}],\"inLanguage\":\"es\"}]}<\/script>\n<!-- \/ Yoast SEO plugin. -->","yoast_head_json":{"title":"Residencia Universitaria SAN JOSE Unibertsitate Egoitza","description":"Mixta. La m\u00e1s grande del Campus. No es Religiosa. Comidas incluidas. La m\u00e1s econ\u00f3mica.","robots":{"index":"index","follow":"follow","max-snippet":"max-snippet:-1","max-image-preview":"max-image-preview:large","max-video-preview":"max-video-preview:-1"},"canonical":"https:\/\/residenciasanjose.com\/wordpress\/habitacion-doble-bano-completo\/","twitter_misc":{"Tiempo de lectura":"2 minutos"},"schema":{"@context":"https:\/\/schema.org","@graph":[{"@type":"WebPage","@id":"https:\/\/residenciasanjose.com\/wordpress\/habitacion-doble-bano-completo\/","url":"https:\/\/residenciasanjose.com\/wordpress\/habitacion-doble-bano-completo\/","name":"Residencia Universitaria SAN JOSE Unibertsitate Egoitza","isPartOf":{"@id":"https:\/\/residenciasanjose.com\/wordpress\/#website"},"datePublished":"2015-04-27T12:08:53+00:00","dateModified":"2015-05-28T09:27:21+00:00","description":"Mixta. La m\u00e1s grande del Campus. No es Religiosa. Comidas incluidas. La m\u00e1s econ\u00f3mica.","breadcrumb":{"@id":"https:\/\/residenciasanjose.com\/wordpress\/habitacion-doble-bano-completo\/#breadcrumb"},"inLanguage":"es","potentialAction":[{"@type":"ReadAction","target":["https:\/\/residenciasanjose.com\/wordpress\/habitacion-doble-bano-completo\/"]}]},{"@type":"BreadcrumbList","@id":"https:\/\/residenciasanjose.com\/wordpress\/habitacion-doble-bano-completo\/#breadcrumb","itemListElement":[{"@type":"ListItem","position":1,"name":"Portada","item":"https:\/\/residenciasanjose.com\/wordpress\/"},{"@type":"ListItem","position":2,"name":"Habitaci\u00f3n doble ba\u00f1o completo"}]},{"@type":"WebSite","@id":"https:\/\/residenciasanjose.com\/wordpress\/#website","url":"https:\/\/residenciasanjose.com\/wordpress\/","name":"Residencia Univ. San Jos\u00e9 Univ. Egoitza","description":"Residencia Universitaria en la ciudad de Vitoria. Residencia de estudiantes.","potentialAction":[{"@type":"SearchAction","target":{"@type":"EntryPoint","urlTemplate":"https:\/\/residenciasanjose.com\/wordpress\/?s={search_term_string}"},"query-input":{"@type":"PropertyValueSpecification","valueRequired":true,"valueName":"search_term_string"}}],"inLanguage":"es"}]}},"_links":{"self":[{"href":"https:\/\/residenciasanjose.com\/wordpress\/wp-json\/wp\/v2\/pages\/3740","targetHints":{"allow":["GET"]}}],"collection":[{"href":"https:\/\/residenciasanjose.com\/wordpress\/wp-json\/wp\/v2\/pages"}],"about":[{"href":"https:\/\/residenciasanjose.com\/wordpress\/wp-json\/wp\/v2\/types\/page"}],"author":[{"embeddable":true,"href":"https:\/\/residenciasanjose.com\/wordpress\/wp-json\/wp\/v2\/users\/2"}],"replies":[{"embeddable":true,"href":"https:\/\/residenciasanjose.com\/wordpress\/wp-json\/wp\/v2\/comments?post=3740"}],"version-history":[{"count":18,"href":"https:\/\/residenciasanjose.com\/wordpress\/wp-json\/wp\/v2\/pages\/3740\/revisions"}],"predecessor-version":[{"id":4260,"href":"https:\/\/residenciasanjose.com\/wordpress\/wp-json\/wp\/v2\/pages\/3740\/revisions\/4260"}],"wp:attachment":[{"href":"https:\/\/residenciasanjose.com\/wordpress\/wp-json\/wp\/v2\/media?parent=3740"}],"curies":[{"name":"wp","href":"https:\/\/api.w.org\/{rel}","templated":true}]}}