{"id":3667,"date":"2015-04-26T18:08:22","date_gmt":"2015-04-26T18:08:22","guid":{"rendered":"http:\/\/residenciasanjose.com\/wordpress\/?page_id=3667"},"modified":"2015-04-26T18:19:28","modified_gmt":"2015-04-26T18:19:28","slug":"galeria-de-imagenes-2","status":"publish","type":"page","link":"https:\/\/residenciasanjose.com\/wordpress\/galeria-de-imagenes-2\/","title":{"rendered":"Galer\u00eda de Im\u00e1genes 1"},"content":{"rendered":"<div class=\"wpb-content-wrapper\">[vc_row][vc_column width=\u00bb1\/1&#8243;]<div class=\"shortcode-wrapper shortcode-content-box clearfix\"><div class=\"hb-box-cont\"><div class=\"hb-box-cont-header\"><\/div><div class=\"hb-box-cont-body\">\n<h1 style=\"text-align: center;\"><span style=\"color: #0000ff;\">GALER\u00cdA DE IMAGENES<\/span><\/h1>\n<\/div><\/div><\/div>[vc_gallery type=\u00bbflexslider_slide\u00bb interval=\u00bb15&#8243; images=\u00bb1152,1151,1150,1149,1148,1147,1146,1145,1121,1120,1119,1118,1117,1116,1115,1114,1113,1109,1108,1107,1106,1105,1104,1103,1101,1100,1099,1098,1097,1096,743,742,741,740,739,738,734,729,728,727,724,725,722,721,718,714,715,711,710,706,701,690,689,554,550,547,546,545,544,543,542,541,536,532,529,528,527,524,513,505,501,495,494,493,492,490,489,486,488&#8243; onclick=\u00bblink_image\u00bb custom_links_target=\u00bb_self\u00bb title=\u00bbGaler\u00eda\u00bb img_size=\u00bbfull\u00bb]<div class=\"shortcode-wrapper shortcode-spacer clearfix\"><div class=\"spacer\" style=\"height:400px;\"><\/div><\/div>[\/vc_column][\/vc_row]\n<\/div>","protected":false},"excerpt":{"rendered":"<p>[vc_row][vc_column width=\u00bb1\/1&#8243;][vc_gallery type=\u00bbflexslider_slide\u00bb interval=\u00bb15&#8243; images=\u00bb1152,1151,1150,1149,1148,1147,1146,1145,1121,1120,1119,1118,1117,1116,1115,1114,1113,1109,1108,1107,1106,1105,1104,1103,1101,1100,1099,1098,1097,1096,743,742,741,740,739,738,734,729,728,727,724,725,722,721,718,714,715,711,710,706,701,690,689,554,550,547,546,545,544,543,542,541,536,532,529,528,527,524,513,505,501,495,494,493,492,490,489,486,488&#8243; onclick=\u00bblink_image\u00bb custom_links_target=\u00bb_self\u00bb title=\u00bbGaler\u00eda\u00bb img_size=\u00bbfull\u00bb][\/vc_column][\/vc_row]<\/p>\n","protected":false},"author":2,"featured_media":0,"parent":0,"menu_order":0,"comment_status":"closed","ping_status":"open","template":"","meta":{"footnotes":""},"class_list":["post-3667","page","type-page","status-publish","hentry"],"yoast_head":"<!-- This site is optimized with the Yoast SEO plugin v27.6 - https:\/\/yoast.com\/product\/yoast-seo-wordpress\/ -->\n<title>Residencia Universitaria SAN JOSE Unibertsitate Egoitza<\/title>\n<meta name=\"description\" content=\"Mixta. La m\u00e1s grande del Campus. No es Religiosa. Comidas incluidas. La m\u00e1s econ\u00f3mica.\" \/>\n<meta name=\"robots\" content=\"index, follow, max-snippet:-1, max-image-preview:large, max-video-preview:-1\" \/>\n<link rel=\"canonical\" href=\"https:\/\/residenciasanjose.com\/wordpress\/galeria-de-imagenes-2\/\" \/>\n<script type=\"application\/ld+json\" class=\"yoast-schema-graph\">{\"@context\":\"https:\\\/\\\/schema.org\",\"@graph\":[{\"@type\":\"WebPage\",\"@id\":\"https:\\\/\\\/residenciasanjose.com\\\/wordpress\\\/galeria-de-imagenes-2\\\/\",\"url\":\"https:\\\/\\\/residenciasanjose.com\\\/wordpress\\\/galeria-de-imagenes-2\\\/\",\"name\":\"Residencia Universitaria SAN JOSE Unibertsitate Egoitza\",\"isPartOf\":{\"@id\":\"https:\\\/\\\/residenciasanjose.com\\\/wordpress\\\/#website\"},\"datePublished\":\"2015-04-26T18:08:22+00:00\",\"dateModified\":\"2015-04-26T18:19:28+00:00\",\"description\":\"Mixta. La m\u00e1s grande del Campus. No es Religiosa. Comidas incluidas. La m\u00e1s econ\u00f3mica.\",\"breadcrumb\":{\"@id\":\"https:\\\/\\\/residenciasanjose.com\\\/wordpress\\\/galeria-de-imagenes-2\\\/#breadcrumb\"},\"inLanguage\":\"es\",\"potentialAction\":[{\"@type\":\"ReadAction\",\"target\":[\"https:\\\/\\\/residenciasanjose.com\\\/wordpress\\\/galeria-de-imagenes-2\\\/\"]}]},{\"@type\":\"BreadcrumbList\",\"@id\":\"https:\\\/\\\/residenciasanjose.com\\\/wordpress\\\/galeria-de-imagenes-2\\\/#breadcrumb\",\"itemListElement\":[{\"@type\":\"ListItem\",\"position\":1,\"name\":\"Portada\",\"item\":\"https:\\\/\\\/residenciasanjose.com\\\/wordpress\\\/\"},{\"@type\":\"ListItem\",\"position\":2,\"name\":\"Galer\u00eda de Im\u00e1genes 1\"}]},{\"@type\":\"WebSite\",\"@id\":\"https:\\\/\\\/residenciasanjose.com\\\/wordpress\\\/#website\",\"url\":\"https:\\\/\\\/residenciasanjose.com\\\/wordpress\\\/\",\"name\":\"Residencia Univ. San Jos\u00e9 Univ. Egoitza\",\"description\":\"Residencia Universitaria en la ciudad de Vitoria. Residencia de estudiantes.\",\"potentialAction\":[{\"@type\":\"SearchAction\",\"target\":{\"@type\":\"EntryPoint\",\"urlTemplate\":\"https:\\\/\\\/residenciasanjose.com\\\/wordpress\\\/?s={search_term_string}\"},\"query-input\":{\"@type\":\"PropertyValueSpecification\",\"valueRequired\":true,\"valueName\":\"search_term_string\"}}],\"inLanguage\":\"es\"}]}<\/script>\n<!-- \/ Yoast SEO plugin. -->","yoast_head_json":{"title":"Residencia Universitaria SAN JOSE Unibertsitate Egoitza","description":"Mixta. La m\u00e1s grande del Campus. No es Religiosa. Comidas incluidas. La m\u00e1s econ\u00f3mica.","robots":{"index":"index","follow":"follow","max-snippet":"max-snippet:-1","max-image-preview":"max-image-preview:large","max-video-preview":"max-video-preview:-1"},"canonical":"https:\/\/residenciasanjose.com\/wordpress\/galeria-de-imagenes-2\/","schema":{"@context":"https:\/\/schema.org","@graph":[{"@type":"WebPage","@id":"https:\/\/residenciasanjose.com\/wordpress\/galeria-de-imagenes-2\/","url":"https:\/\/residenciasanjose.com\/wordpress\/galeria-de-imagenes-2\/","name":"Residencia Universitaria SAN JOSE Unibertsitate Egoitza","isPartOf":{"@id":"https:\/\/residenciasanjose.com\/wordpress\/#website"},"datePublished":"2015-04-26T18:08:22+00:00","dateModified":"2015-04-26T18:19:28+00:00","description":"Mixta. La m\u00e1s grande del Campus. No es Religiosa. Comidas incluidas. La m\u00e1s econ\u00f3mica.","breadcrumb":{"@id":"https:\/\/residenciasanjose.com\/wordpress\/galeria-de-imagenes-2\/#breadcrumb"},"inLanguage":"es","potentialAction":[{"@type":"ReadAction","target":["https:\/\/residenciasanjose.com\/wordpress\/galeria-de-imagenes-2\/"]}]},{"@type":"BreadcrumbList","@id":"https:\/\/residenciasanjose.com\/wordpress\/galeria-de-imagenes-2\/#breadcrumb","itemListElement":[{"@type":"ListItem","position":1,"name":"Portada","item":"https:\/\/residenciasanjose.com\/wordpress\/"},{"@type":"ListItem","position":2,"name":"Galer\u00eda de Im\u00e1genes 1"}]},{"@type":"WebSite","@id":"https:\/\/residenciasanjose.com\/wordpress\/#website","url":"https:\/\/residenciasanjose.com\/wordpress\/","name":"Residencia Univ. San Jos\u00e9 Univ. Egoitza","description":"Residencia Universitaria en la ciudad de Vitoria. Residencia de estudiantes.","potentialAction":[{"@type":"SearchAction","target":{"@type":"EntryPoint","urlTemplate":"https:\/\/residenciasanjose.com\/wordpress\/?s={search_term_string}"},"query-input":{"@type":"PropertyValueSpecification","valueRequired":true,"valueName":"search_term_string"}}],"inLanguage":"es"}]}},"_links":{"self":[{"href":"https:\/\/residenciasanjose.com\/wordpress\/wp-json\/wp\/v2\/pages\/3667","targetHints":{"allow":["GET"]}}],"collection":[{"href":"https:\/\/residenciasanjose.com\/wordpress\/wp-json\/wp\/v2\/pages"}],"about":[{"href":"https:\/\/residenciasanjose.com\/wordpress\/wp-json\/wp\/v2\/types\/page"}],"author":[{"embeddable":true,"href":"https:\/\/residenciasanjose.com\/wordpress\/wp-json\/wp\/v2\/users\/2"}],"replies":[{"embeddable":true,"href":"https:\/\/residenciasanjose.com\/wordpress\/wp-json\/wp\/v2\/comments?post=3667"}],"version-history":[{"count":6,"href":"https:\/\/residenciasanjose.com\/wordpress\/wp-json\/wp\/v2\/pages\/3667\/revisions"}],"predecessor-version":[{"id":3674,"href":"https:\/\/residenciasanjose.com\/wordpress\/wp-json\/wp\/v2\/pages\/3667\/revisions\/3674"}],"wp:attachment":[{"href":"https:\/\/residenciasanjose.com\/wordpress\/wp-json\/wp\/v2\/media?parent=3667"}],"curies":[{"name":"wp","href":"https:\/\/api.w.org\/{rel}","templated":true}]}}