{"id":3225,"date":"2014-04-09T01:24:46","date_gmt":"2014-04-08T23:24:46","guid":{"rendered":"http:\/\/hb-themes.com\/themes\/highend_wp\/?page_id=1111"},"modified":"2026-04-13T07:51:39","modified_gmt":"2026-04-13T07:51:39","slug":"home-example-3","status":"publish","type":"page","link":"https:\/\/residenciasanjose.com\/wordpress\/","title":{"rendered":"Inicio"},"content":{"rendered":"<div class=\"wpb-content-wrapper\">[vc_row][vc_column width=\u00bb1\/3&#8243;]<div class=\"shortcode-wrapper shortcode-teaser hb-animate-element hb-scale-up\"><div class=\"hb-teaser-column\"><img loading=\"lazy\" decoding=\"async\" src=\"https:\/\/residenciasanjose.com\/wordpress\/wp-content\/uploads\/2011\/10\/GOPR0179-e1336658840929-526x350.jpg\" width=\"526\" height=\"350\" alt=\"\" \/><div class=\"teaser-content alignleft\">\n<h2>Dentro del Campus<\/h2>\n<h3><span style=\"color: #0000ff;\">Avenida de las Universidades!<\/span><\/h3>\n<p>Estamos dentro del Campus universitario de Vitoria. El edificio\u00a0contiguo al nuestro es la facultad de Magisterio, el siguiente la facultad de Farmacia (Farmacia, Nutrici\u00f3n, Ciencia y tecnolog\u00eda de los alimentos y Ciencias Ambientales), y el siguiente la facultad de Letras. Justo detr\u00e1s tenemos la biblioteca universitaria y la escuela de ingenier\u00eda t\u00e9cnica.<\/div><\/div><!-- END .hb-teaser-column --><\/div>[\/vc_column][vc_column width=\u00bb1\/3&#8243;]<div class=\"shortcode-wrapper shortcode-teaser hb-animate-element hb-scale-up\"><div class=\"hb-teaser-column\"><img loading=\"lazy\" decoding=\"async\" src=\"https:\/\/residenciasanjose.com\/wordpress\/wp-content\/uploads\/2011\/10\/GOPR0177-e1336584917873-526x350.jpg\" width=\"526\" height=\"350\" alt=\"\" \/><div class=\"teaser-content alignleft\">\n<h2>La m\u00e1s GRANDE<\/h2>\n<h3><span style=\"color: #0000ff;\">4.000m de Instalaciones<\/span><\/h3>\n<p>Somos la residencia m\u00e1s grande en cuanto a instalaciones. Salas de estar, ping pong, billar, 2 salas de ejercicio, salas de estudio, una terraza privada de 700m,&#8230;.<\/div><\/div><!-- END .hb-teaser-column --><\/div>[\/vc_column][vc_column width=\u00bb1\/3&#8243;]<div class=\"shortcode-wrapper shortcode-teaser hb-animate-element hb-scale-up\"><div class=\"hb-teaser-column\"><img loading=\"lazy\" decoding=\"async\" src=\"https:\/\/residenciasanjose.com\/wordpress\/wp-content\/uploads\/2011\/10\/GOPR0187-e1336658724758-526x350.jpg\" width=\"526\" height=\"350\" alt=\"\" \/><div class=\"teaser-content alignleft\">\n<h2>En el CENTRO de la ciudad<\/h2>\n<h3><span style=\"color: #0000ff;\">Junto a la calle Dato<\/span><\/h3>\n<p>Su cercan\u00eda al centro de la ciudad de Vitoria ( a 150 metros del centro) le permite a todos sus residentes disfrutar a diario de todos los servicios y comodidades que ofrece nuestra ciudad. La plaza de la Virgen Blanca as\u00ed como la calle dato est\u00e1n a escasos 5 minutos andando. Estamos en el centro comercial y social de la ciudad<\/div><\/div><!-- END .hb-teaser-column --><\/div>[\/vc_column][\/vc_row][vc_row][vc_column][vc_text_separator title=\u00bbIMPORTANTE. Las COMIDAS\u00bb title_align=\u00bbseparator_align_left\u00bb border_width=\u00bb2&#8243;][\/vc_column][\/vc_row][vc_row fullwidth=\u00bbyes\u00bb bg_type=\u00bbbg_image\u00bb top_margin=\u00bb0&#8243; bottom_margin=\u00bb0&#8243; image_url=\u00bb3509&#8243;][vc_column width=\u00bb1\/2&#8243;][vc_column_text css_animation=\u00bbright-to-left\u00bb css=\u00bb.vc_custom_1429979364032{margin-left: -40px !important;}\u00bb]\n<h1><span style=\"text-decoration: underline; color: #000000;\"><strong>COMIDAS INCLUIDAS EN EL PRECIO<\/strong><\/span><\/h1>\n[\/vc_column_text][vc_column_text css_animation=\u00bbright-to-left\u00bb css=\u00bb.vc_custom_1429979545255{margin-left: -45px !important;}\u00bb]\n<h2 style=\"text-align: left;\"><span style=\"color: #ff0000;\"><strong>COCINADAS EN <\/strong><\/span><span style=\"color: #ff0000;\"><strong>LA <\/strong><\/span><\/h2>\n<h2 style=\"text-align: left;\"><span style=\"color: #ff0000;\"><strong>RESIDENCIA\u00a0<\/strong><\/span><\/h2>\n<h2 style=\"text-align: left;\"><span style=\"color: #ff0000;\"><strong>(NO\u00a0<del>catering<\/del>)<\/strong><\/span><\/h2>\n[\/vc_column_text]<div class=\"shortcode-wrapper shortcode-spacer clearfix\"><div class=\"spacer\" style=\"height:200px;\"><\/div><\/div>[\/vc_column][vc_column width=\u00bb1\/2&#8243;][vc_column_text css_animation=\u00bbleft-to-right\u00bb css=\u00bb.vc_custom_1429979749201{margin-right: -45px !important;}\u00bb]\n<h2 style=\"text-align: right;\"><span style=\"color: #0000ff;\"><strong>Pensi\u00f3n completa<\/strong><\/span><\/h2>\n<h2 style=\"text-align: right;\"><span style=\"color: #0000ff;\">2 Platos a elegir<\/span><\/h2>\n[\/vc_column_text][\/vc_column][\/vc_row][vc_row fullwidth=\u00bbyes\u00bb bg_type=\u00bbbg_image\u00bb top_margin=\u00bb0&#8243; bottom_margin=\u00bb0&#8243; image_url=\u00bb4100&#8243;][vc_column][vc_column_text css_animation=\u00bbappear\u00bb]\n<h1 style=\"text-align: center;\"><\/h1>\n<h1 style=\"text-align: center;\"><span style=\"text-decoration: underline;\"><span style=\"color: #ff0000; text-decoration: underline;\">LA MAS ECON\u00d3MICA, desde hace 40 a\u00f1os.<\/span><\/span><\/h1>\n<h3 style=\"text-align: center;\"><span style=\"color: #000000;\">Saque la calculadora, y haga cuentas. Calcule extras, suplementos y servicios ofrecidos.<\/span><\/h3>\n<h3 style=\"text-align: center;\"><span style=\"color: #000000;\">Y si quiere m\u00e1s comodidad, cons\u00faltenos. Nosotros le explicaremos\u00a0esas \u00abcuentas\u00bb.<\/span><\/h3>\n<h3 style=\"text-align: center;\"><span style=\"color: #000000;\">Somos una residencia econ\u00f3mica con servicios de \u00abColegio Mayor\u00bb.<\/span><\/h3>\n<p style=\"text-align: center;\"><a href=\"http:\/\/residenciasanjose.com\/wordpress\/tarifa-de-precios\" class=\"hb-button hb-default hb-default-button hb-animate-element hb-left-to-right\" target=\"_blank\" data-delay=\"1000\" style=\"-webkit-border-radius: 2px;-moz-border-radius: 2px;border-radius: 2px;\"><i class=\"icon-eur\"><\/i>Ver PRECIOS<\/a>\n[\/vc_column_text]<div class=\"shortcode-wrapper shortcode-spacer clearfix\"><div class=\"spacer\" style=\"height:10px;\"><\/div><\/div>[\/vc_column][\/vc_row][vc_row][vc_column][vc_column_text]\n<h3>&#8230;y si NO\u00a0te cogen en la facultad o en los estudios que quieres hacer, te DEVOLVEMOS\u00a0el dinero de la reserva.<\/h3>\n[\/vc_column_text][\/vc_column][\/vc_row][vc_row][vc_column width=\u00bb1\/3&#8243;]<div class=\"shortcode-wrapper shortcode-teaser\"><div class=\"hb-teaser-column\"><img loading=\"lazy\" decoding=\"async\" src=\"https:\/\/residenciasanjose.com\/wordpress\/wp-content\/uploads\/2014\/04\/Horarios-300x214-526x350.jpg\" width=\"526\" height=\"350\" alt=\"\" \/><div class=\"teaser-content alignleft\"><h6 class=\"special\">Sin Horarios de Entrada\/Salida<\/h6>Ya tienen edad para asumir responsabilidades. Ya son mayores de edad (o casi). La tendencia europea en docencia universitaria, invita a ense\u00f1ar a nuestros estudiantes a aprender, pensar, valorar y decidir por s\u00ed mismos.<\/div><\/div><!-- END .hb-teaser-column --><\/div>[\/vc_column][vc_column width=\u00bb1\/3&#8243;]<div class=\"shortcode-wrapper shortcode-teaser\"><div class=\"hb-teaser-column\"><a href=\" http:\/\/residenciasanjose.com\/wordpress\/servicio-de-acceso-a-internet\" target=\"_blank\"><img loading=\"lazy\" decoding=\"async\" src=\"https:\/\/residenciasanjose.com\/wordpress\/wp-content\/uploads\/2014\/04\/Internet-300x214-526x350.jpg\" width=\"526\" height=\"350\" alt=\"\" \/><\/a><div class=\"teaser-content alignleft\"><a href=\" http:\/\/residenciasanjose.com\/wordpress\/servicio-de-acceso-a-internet\" target=\"_blank\"><h6 class=\"special\">Acceso a Internet<\/h6><\/a>En otras residencias, cuando se conectan muchas personas, el acceso a internet NO funciona bien. Nosotros tenemos un potente y novedoso servicio de acceso a internet, que funciona perfectamente en todo momento. Te permitir\u00e1 conectar el m\u00f3vil, el port\u00e1til, la tablet&#8230;. \u00a0Siempre hemos sido \u00abpunteros\u00bb en el servicio de Internet.<a href=\" http:\/\/residenciasanjose.com\/wordpress\/servicio-de-acceso-a-internet\" class=\"simple-read-more\" target=\"_blank\">Leer m\u00e1s<\/a><\/div><\/div><!-- END .hb-teaser-column --><\/div>[\/vc_column][vc_column width=\u00bb1\/3&#8243;]<div class=\"shortcode-wrapper shortcode-spacer clearfix\"><div class=\"spacer\"><\/div><\/div><div class=\"shortcode-wrapper shortcode-title clearfix hb-animate-element hb-top-to-bottom\"><h4 class=\"hb-heading \"><span>Opiniones de nuestros estudiantes<\/span><\/h4><\/div><div class=\"shortcode-wrapper shortcode-spacer clearfix\"><div class=\"spacer\" style=\"height:20px;\"><\/div><\/div><div class=\"shortcode-wrapper shortcode-testimonial-slider testimonial-slider-wrapper hb-animate-element hb-left-to-right\"><div id=\"hb-testimonial-5739\" class=\"ts-1 init-testimonial-slider\" data-slideshow-speed=\"15000\"><ul class=\"testimonial-slider\"><li class=\"hb-testimonial-box\">\t\t\n\t\t<div class=\"hb-testimonial\">\n\t\t\t<p>Mis amigas en otras residencias me tienen envidia. NO tengo que prepararme el desayuno, ni la comida, ni&#8230;., ni poner la mesa, ni fregar, ni pensar el qu\u00e9 ni donde voy a comer ma\u00f1ana&#8230;.. \u00a0Y encima yo pago menos que ellas. Vamos \u00bb de caj\u00f3n\u00bb.<\/p>\n\t\t<\/div>\n\t\t\t\t\t\t\t\n\t\t<img loading=\"lazy\" decoding=\"async\" src=\"https:\/\/residenciasanjose.com\/wordpress\/wp-content\/uploads\/2015\/04\/face03-100x100-60x60.jpg\" width=\"60\" height=\"60\" class=\"testimonial-author-img\"\/><div class=\"testimonial-author\"><h5 class=\"testimonial-author-name\">Rebeca M. P.<\/h5><a class=\"testimonial-company\">2013-14<\/a><\/div><\/li><li class=\"hb-testimonial-box\">\t\t\n\t\t<div class=\"hb-testimonial\">\n\t\t\t<p>El edificio es antiguo, pero la gente, el trato, lo que nos ofrecen&#8230;. Desde luego que merece la pena. Mir\u00e9 todas las alternativas antes de venir aqu\u00ed, y desde luego que acert\u00e9.<\/p>\n\t\t<\/div>\n\t\t\t\t\t\t\t\n\t\t<img loading=\"lazy\" decoding=\"async\" src=\"https:\/\/residenciasanjose.com\/wordpress\/wp-content\/uploads\/2015\/04\/face01-100x100-60x60.jpg\" width=\"60\" height=\"60\" class=\"testimonial-author-img\"\/><div class=\"testimonial-author\"><h5 class=\"testimonial-author-name\">Maider F. L.<\/h5><a class=\"testimonial-company\">2010-13<\/a><\/div><\/li><li class=\"hb-testimonial-box\">\t\t\n\t\t<div class=\"hb-testimonial\">\n\t\t\t<p>Aqu\u00ed tengo libertad total, entro y salgo cuando quiero, he hecho buenas amigas y la comida es muy buena. Yo desde luego estoy genial aqu\u00ed.<\/p>\n\t\t<\/div>\n\t\t\t\t\t\t\t\n\t\t<img loading=\"lazy\" decoding=\"async\" src=\"https:\/\/residenciasanjose.com\/wordpress\/wp-content\/uploads\/2015\/04\/team8-100x67-60x60.jpg\" width=\"60\" height=\"60\" class=\"testimonial-author-img\"\/><div class=\"testimonial-author\"><h5 class=\"testimonial-author-name\">Maddi J. A.<\/h5><a class=\"testimonial-company\">2009-13<\/a><\/div><\/li><li class=\"hb-testimonial-box\">\t\t\n\t\t<div class=\"hb-testimonial\">\n\t\t\t<p>Si he repetido en la resi, os pod\u00e9is imaginar porqu\u00e9. He hecho mis amigas aqu\u00ed, y aqu\u00ed me quedo. Tengo 2 amigas en otra residencia, y el pr\u00f3ximo curso se vienen aqu\u00ed conmigo. Somos las mejores !!!!<\/p>\n\t\t<\/div>\n\t\t\t\t\t\t\t\n\t\t<img loading=\"lazy\" decoding=\"async\" src=\"https:\/\/residenciasanjose.com\/wordpress\/wp-content\/uploads\/2015\/04\/victoria-100x100-60x60.jpg\" width=\"60\" height=\"60\" class=\"testimonial-author-img\"\/><div class=\"testimonial-author\"><h5 class=\"testimonial-author-name\">Irati L. G.<\/h5><a class=\"testimonial-company\">2012-2014<\/a><\/div><\/li><li class=\"hb-testimonial-box\">\t\t\n\t\t<div class=\"hb-testimonial\">\n\t\t\t<p>Despu\u00e9s de un a\u00f1o en un piso, tuve bastante. Como en la resi no se vive en ning\u00fan sitio. Se la recomiendo a cualquiera. Yo he estado super a gusto.<\/p>\n\t\t<\/div>\n\t\t\t\t\t\t\t\n\t\t<img loading=\"lazy\" decoding=\"async\" src=\"https:\/\/residenciasanjose.com\/wordpress\/wp-content\/uploads\/2015\/04\/priscilla-100x100-60x60.jpg\" width=\"60\" height=\"60\" class=\"testimonial-author-img\"\/><div class=\"testimonial-author\"><h5 class=\"testimonial-author-name\">Andrea E. R.<\/h5><a class=\"testimonial-company\">2011-2013<\/a><\/div><\/li><\/ul><\/div><\/div>[\/vc_column][\/vc_row][vc_row][vc_column width=\u00bb1\/4&#8243;][vc_raw_js]JTNDYSUyMHRpdGxlJTNEJTIyRW50cmElMjBlbiUyMG51ZXN0cm8lMjBGYWNlYm9vayUyMiUyMCUwQWhyZWYlM0QlMjJodHRwJTNBJTJGJTJGd3d3LmZhY2Vib29rLmNvbSUyRnBhZ2VzJTJGUmVzaWRlbmNpYS1Vbml2ZXJzaXRhcmlhLVNhbi1Kb3MlMjVDMyUyNUE5LVVuaWJlcnRzaXRhdGUtRWdvaXR6YSUyRjM5NDczOTQyMDU2MTA4OSUyMiUyMHRhcmdldCUzRCUyMl9UT1AlMjIlM0VFbnRyYSUyMGVuJTIwbnVlc3RybyUyMGZhY2Vib29rJTNDYnIlM0UlMjBUZSUyMHNvcnByZW5kZXIlQzMlQTFzJTNDJTJGYSUzRSUwQSUzQ2JyJTNFJTBBJTNDYSUyMHRpdGxlJTNEJTIyUmVzaWRlbmNpYSUyMFVuaXZlcnNpdGFyaWElMjBTYW4lMjBKb3MlQzMlQTklMjIlMjBocmVmJTNEJTIyaHR0cCUzQSUyRiUyRnd3dy5mYWNlYm9vay5jb20lMkZwYWdlcyUyRlJlc2lkZW5jaWEtVW5pdmVyc2l0YXJpYS1TYW4tSm9zJTI1QzMlMjVBOS1VbmliZXJ0c2l0YXRlLUVnb2l0emElMkYzOTQ3Mzk0MjA1NjEwODklMjIlMjB0YXJnZXQlM0QlMjJfVE9QJTIyJTNFJTNDaW1nJTIwc3JjJTNEJTIyaHR0cCUzQSUyRiUyRmJhZGdlLmZhY2Vib29rLmNvbSUyRmJhZGdlJTJGNDI5MzM5OTEwNDIzNzI0LjI4NjMuMjYxMjQ5OTEwLnBuZyUyMiUyMGFsdCUzRCUyMiUyMiUyMCUyRiUzRSUzQyUyRmElM0UlMEElM0NhJTIwdGl0bGUlM0QlMjJDcmVhJTIwdHUlMjBwcm9waWElMjBpbnNpZ25pYSUyMiUyMGhyZWYlM0QlMjJodHRwJTNBJTJGJTJGd3d3LmZhY2Vib29rLmNvbSUyRnBhZ2VzJTJGUmVzaWRlbmNpYS1Vbml2ZXJzaXRhcmlhLVNhbi1Kb3MlMjVDMyUyNUE5LVVuaWJlcnRzaXRhdGUtRWdvaXR6YSUyRjM5NDczOTQyMDU2MTA4OSUyMiUzRSUwQSUzQ2JyJTNFJTBBTGElMjB2aWRhJTIwZW4lMjBsYSUyMHJlc2kuLi4lM0MlMkZhJTNF[\/vc_raw_js][\/vc_column][vc_column width=\u00bb1\/2&#8243;][vc_video link=\u00bbhttps:\/\/youtu.be\/qetzjStYwa0&#8243; title=\u00bbHemos estrenado Terraza\u00bb][\/vc_column][vc_column width=\u00bb1\/4&#8243;]<div class=\"shortcode-wrapper shortcode-spacer clearfix\"><div class=\"spacer\" style=\"height:10px;\"><\/div><\/div><div class=\"shortcode-wrapper shortcode-teaser\"><div class=\"hb-teaser-column\"><div class=\"teaser-content alignleft\">\n<h3><strong><span style=\"color: #0000ff;\">Novedades:<\/span><\/strong><\/h3>\n<p>&#8211; <strong><span style=\"color: #ff0000;\">Portero Autom\u00e1tico:<\/span><\/strong>\u00a0Hemos instalado un nuevo sistema de portero autom\u00e1tico integrado en nuestra centralita telef\u00f3nica. Desde el portero autom\u00e1tico se puede llamar a cualquier habitaci\u00f3n y se puede abrir la puerta principal desde cualquier habitaci\u00f3n.<\/p>\n<p>&#8211; <strong><span style=\"color: #ff0000;\">Cable Para Internet:<\/span><\/strong>\u00a0Hasta ahora los estudiantes s\u00f3lo pod\u00edan acceder a internet por WIFI. Hemos cableado toda la residencia, con lo que tambi\u00e9n se puede acceder a internet por cable (de una forma m\u00e1s fiable y segura que por WIFI).<\/p>\n<p>&#8211; <strong><span style=\"color: #ff0000;\">Internet Premium:<\/span><\/strong>\u00a0Aparte del acceso gratuito a Internet, tenemos ya disponible el acceso PREMIUM. Un acceso mucho m\u00e1s completo para las necesidades m\u00e1s exigentes.<\/div><\/div><!-- END .hb-teaser-column --><\/div>[\/vc_column][\/vc_row][vc_row][vc_column][\/vc_column][\/vc_row]\n<\/div>","protected":false},"excerpt":{"rendered":"<p>[vc_row][vc_column width=\u00bb1\/3&#8243;][\/vc_column][vc_column width=\u00bb1\/3&#8243;][\/vc_column][vc_column width=\u00bb1\/3&#8243;][\/vc_column][\/vc_row][vc_row][vc_column][vc_text_separator title=\u00bbIMPORTANTE. Las COMIDAS\u00bb title_align=\u00bbseparator_align_left\u00bb border_width=\u00bb2&#8243;][\/vc_column][\/vc_row][vc_row fullwidth=\u00bbyes\u00bb bg_type=\u00bbbg_image\u00bb top_margin=\u00bb0&#8243; bottom_margin=\u00bb0&#8243; image_url=\u00bb3509&#8243;][vc_column width=\u00bb1\/2&#8243;][vc_column_text css_animation=\u00bbright-to-left\u00bb css=\u00bb.vc_custom_1429979364032{margin-left: -40px !important;}\u00bb] COMIDAS [&hellip;]<\/p>\n","protected":false},"author":2,"featured_media":0,"parent":0,"menu_order":0,"comment_status":"closed","ping_status":"closed","template":"","meta":{"footnotes":""},"class_list":["post-3225","page","type-page","status-publish","hentry"],"yoast_head":"<!-- This site is optimized with the Yoast SEO plugin v27.4 - https:\/\/yoast.com\/product\/yoast-seo-wordpress\/ -->\n<title>Residencia de estudiantes en Vitoria. Universitaria San Jos\u00e9<\/title>\n<meta name=\"description\" content=\"Residencia de estudiantes en Vitoria. Mixta. La m\u00e1s grande del Campus. No es Religiosa. Comidas incluidas. La m\u00e1s econ\u00f3mica. residencia estudiantes vitoria\" \/>\n<meta name=\"robots\" content=\"index, follow, max-snippet:-1, max-image-preview:large, max-video-preview:-1\" \/>\n<link rel=\"canonical\" href=\"https:\/\/residenciasanjose.com\/wordpress\/\" \/>\n<meta name=\"twitter:label1\" content=\"Tiempo de lectura\" \/>\n\t<meta name=\"twitter:data1\" content=\"3 minutos\" \/>\n<script type=\"application\/ld+json\" class=\"yoast-schema-graph\">{\"@context\":\"https:\\\/\\\/schema.org\",\"@graph\":[{\"@type\":\"WebPage\",\"@id\":\"https:\\\/\\\/residenciasanjose.com\\\/wordpress\\\/\",\"url\":\"https:\\\/\\\/residenciasanjose.com\\\/wordpress\\\/\",\"name\":\"Residencia de estudiantes en Vitoria. Universitaria San Jos\u00e9\",\"isPartOf\":{\"@id\":\"https:\\\/\\\/residenciasanjose.com\\\/wordpress\\\/#website\"},\"datePublished\":\"2014-04-08T23:24:46+00:00\",\"dateModified\":\"2026-04-13T07:51:39+00:00\",\"description\":\"Residencia de estudiantes en Vitoria. Mixta. La m\u00e1s grande del Campus. No es Religiosa. Comidas incluidas. La m\u00e1s econ\u00f3mica. residencia estudiantes vitoria\",\"breadcrumb\":{\"@id\":\"https:\\\/\\\/residenciasanjose.com\\\/wordpress\\\/#breadcrumb\"},\"inLanguage\":\"es\",\"potentialAction\":[{\"@type\":\"ReadAction\",\"target\":[\"https:\\\/\\\/residenciasanjose.com\\\/wordpress\\\/\"]}]},{\"@type\":\"BreadcrumbList\",\"@id\":\"https:\\\/\\\/residenciasanjose.com\\\/wordpress\\\/#breadcrumb\",\"itemListElement\":[{\"@type\":\"ListItem\",\"position\":1,\"name\":\"Portada\",\"item\":\"https:\\\/\\\/residenciasanjose.com\\\/wordpress\\\/\"},{\"@type\":\"ListItem\",\"position\":2,\"name\":\"Inicio\"}]},{\"@type\":\"WebSite\",\"@id\":\"https:\\\/\\\/residenciasanjose.com\\\/wordpress\\\/#website\",\"url\":\"https:\\\/\\\/residenciasanjose.com\\\/wordpress\\\/\",\"name\":\"Residencia Univ. San Jos\u00e9 Univ. Egoitza\",\"description\":\"Residencia Universitaria en la ciudad de Vitoria. Residencia de estudiantes.\",\"potentialAction\":[{\"@type\":\"SearchAction\",\"target\":{\"@type\":\"EntryPoint\",\"urlTemplate\":\"https:\\\/\\\/residenciasanjose.com\\\/wordpress\\\/?s={search_term_string}\"},\"query-input\":{\"@type\":\"PropertyValueSpecification\",\"valueRequired\":true,\"valueName\":\"search_term_string\"}}],\"inLanguage\":\"es\"}]}<\/script>\n<!-- \/ Yoast SEO plugin. -->","yoast_head_json":{"title":"Residencia de estudiantes en Vitoria. Universitaria San Jos\u00e9","description":"Residencia de estudiantes en Vitoria. Mixta. La m\u00e1s grande del Campus. No es Religiosa. Comidas incluidas. La m\u00e1s econ\u00f3mica. residencia estudiantes vitoria","robots":{"index":"index","follow":"follow","max-snippet":"max-snippet:-1","max-image-preview":"max-image-preview:large","max-video-preview":"max-video-preview:-1"},"canonical":"https:\/\/residenciasanjose.com\/wordpress\/","twitter_misc":{"Tiempo de lectura":"3 minutos"},"schema":{"@context":"https:\/\/schema.org","@graph":[{"@type":"WebPage","@id":"https:\/\/residenciasanjose.com\/wordpress\/","url":"https:\/\/residenciasanjose.com\/wordpress\/","name":"Residencia de estudiantes en Vitoria. Universitaria San Jos\u00e9","isPartOf":{"@id":"https:\/\/residenciasanjose.com\/wordpress\/#website"},"datePublished":"2014-04-08T23:24:46+00:00","dateModified":"2026-04-13T07:51:39+00:00","description":"Residencia de estudiantes en Vitoria. Mixta. La m\u00e1s grande del Campus. No es Religiosa. Comidas incluidas. La m\u00e1s econ\u00f3mica. residencia estudiantes vitoria","breadcrumb":{"@id":"https:\/\/residenciasanjose.com\/wordpress\/#breadcrumb"},"inLanguage":"es","potentialAction":[{"@type":"ReadAction","target":["https:\/\/residenciasanjose.com\/wordpress\/"]}]},{"@type":"BreadcrumbList","@id":"https:\/\/residenciasanjose.com\/wordpress\/#breadcrumb","itemListElement":[{"@type":"ListItem","position":1,"name":"Portada","item":"https:\/\/residenciasanjose.com\/wordpress\/"},{"@type":"ListItem","position":2,"name":"Inicio"}]},{"@type":"WebSite","@id":"https:\/\/residenciasanjose.com\/wordpress\/#website","url":"https:\/\/residenciasanjose.com\/wordpress\/","name":"Residencia Univ. San Jos\u00e9 Univ. Egoitza","description":"Residencia Universitaria en la ciudad de Vitoria. Residencia de estudiantes.","potentialAction":[{"@type":"SearchAction","target":{"@type":"EntryPoint","urlTemplate":"https:\/\/residenciasanjose.com\/wordpress\/?s={search_term_string}"},"query-input":{"@type":"PropertyValueSpecification","valueRequired":true,"valueName":"search_term_string"}}],"inLanguage":"es"}]}},"_links":{"self":[{"href":"https:\/\/residenciasanjose.com\/wordpress\/wp-json\/wp\/v2\/pages\/3225","targetHints":{"allow":["GET"]}}],"collection":[{"href":"https:\/\/residenciasanjose.com\/wordpress\/wp-json\/wp\/v2\/pages"}],"about":[{"href":"https:\/\/residenciasanjose.com\/wordpress\/wp-json\/wp\/v2\/types\/page"}],"author":[{"embeddable":true,"href":"https:\/\/residenciasanjose.com\/wordpress\/wp-json\/wp\/v2\/users\/2"}],"replies":[{"embeddable":true,"href":"https:\/\/residenciasanjose.com\/wordpress\/wp-json\/wp\/v2\/comments?post=3225"}],"version-history":[{"count":125,"href":"https:\/\/residenciasanjose.com\/wordpress\/wp-json\/wp\/v2\/pages\/3225\/revisions"}],"predecessor-version":[{"id":4890,"href":"https:\/\/residenciasanjose.com\/wordpress\/wp-json\/wp\/v2\/pages\/3225\/revisions\/4890"}],"wp:attachment":[{"href":"https:\/\/residenciasanjose.com\/wordpress\/wp-json\/wp\/v2\/media?parent=3225"}],"curies":[{"name":"wp","href":"https:\/\/api.w.org\/{rel}","templated":true}]}}